{"id":7117,"date":"2026-01-17T11:41:21","date_gmt":"2026-01-17T10:41:21","guid":{"rendered":"https:\/\/mr-mass.com\/?post_type=product&#038;p=7117"},"modified":"2026-01-17T11:42:07","modified_gmt":"2026-01-17T10:42:07","slug":"eaa-600gr-americain-wolf","status":"publish","type":"product","link":"https:\/\/mr-mass.com\/?product=eaa-600gr-americain-wolf","title":{"rendered":"EAA 600GR AMERICAIN WOLF"},"content":{"rendered":"<h6><b><span style=\"color: #000000;\">Essential EAA 8000 \u2013 American Wolf<\/span><\/b><\/h6>\n<h6><b><span style=\"color: #000000;\">\u00a0<\/span><\/b><\/h6>\n<h6><b><span style=\"color: #000000;\">\u00a0<\/span><\/b><\/h6>\n<h6><b><span style=\"color: #000000;\">Description<\/span><\/b><\/h6>\n<h6><span data-start=\"166\" data-end=\"188\">Essential EAA 8000<\/span>\u00a0est un compl\u00e9ment alimentaire premium con\u00e7u pour soutenir la\u00a0<span data-start=\"250\" data-end=\"272\">synth\u00e8se prot\u00e9ique<\/span>, acc\u00e9l\u00e9rer la\u00a0<span data-start=\"287\" data-end=\"314\">r\u00e9cup\u00e9ration musculaire<\/span>\u00a0et am\u00e9liorer la\u00a0<span data-start=\"331\" data-end=\"355\">performance sportive<\/span>.<br \/>\nSa formule contient un\u00a0<span data-start=\"381\" data-end=\"437\">complexe complet de 9 acides amin\u00e9s essentiels (EAA)<\/span>, incluant les\u00a0<span data-start=\"452\" data-end=\"490\">BCAA (leucine, isoleucine, valine)<\/span>, indispensables au maintien et au d\u00e9veloppement de la masse musculaire. Enrichi en\u00a0<span data-start=\"574\" data-end=\"613\">vitamines B, vitamine C et min\u00e9raux<\/span>, il contribue \u00e9galement au bon fonctionnement du\u00a0<span data-start=\"663\" data-end=\"710\">syst\u00e8me nerveux, m\u00e9tabolique et immunitaire<\/span>.<\/h6>\n<h6><b><span style=\"color: #000000;\">B\u00e9n\u00e9fices<\/span><\/b><\/h6>\n<h6>Soutient la\u00a0<span data-start=\"746\" data-end=\"773\">construction musculaire<br \/>\n<\/span>R\u00e9duit la\u00a0<span data-start=\"786\" data-end=\"815\">fatigue et le catabolisme<br \/>\n<\/span>Acc\u00e9l\u00e8re la\u00a0<span data-start=\"830\" data-end=\"846\">r\u00e9cup\u00e9ration<br \/>\n<\/span>Favorise une\u00a0<span data-start=\"862\" data-end=\"885\">performance durable<\/span><\/h6>\n<h6><span data-start=\"862\" data-end=\"885\"><br \/>\n<\/span><br \/>\n<b><span style=\"color: #000000;\">Utilisation<\/span><\/b><\/h6>\n<h6><span data-start=\"908\" data-end=\"930\">Dose recommand\u00e9e :<\/span>\u00a03 mesures de 5 g<br \/>\n<span data-start=\"950\" data-end=\"967\">Pr\u00e9paration :<\/span>\u00a0M\u00e9langer avec 500 ml d\u2019eau<br \/>\n<span data-start=\"997\" data-end=\"1018\">Moment de prise :<\/span>\u00a0Pendant ou apr\u00e8s l\u2019entra\u00eenement, ou entre les repas<\/h6>\n<h6><b><span style=\"color: #000000;\">Ingr\u00e9dients<\/span><\/b><\/h6>\n<h6><b><span style=\"color: #000000;\"><br \/>\n<\/span><\/b><br \/>\nM\u00e9lange d\u2019acides amin\u00e9s essentiels (EAA), vitamines et min\u00e9raux, vitamine C, acide citrique, \u00e9dulcorants (ac\u00e9sulfame K, sucralose), ar\u00f4me, colorant.<\/h6>\n","protected":false},"excerpt":{"rendered":"<p><strong>Essential EAA 8000 \u2013 American Wolf<\/strong>\u00a0est un compl\u00e9ment alimentaire de nouvelle g\u00e9n\u00e9ration, con\u00e7u par une \u00e9quipe sp\u00e9cialis\u00e9e en nutrition sportive avanc\u00e9e, destin\u00e9 aux athl\u00e8tes souhaitant\u00a0<strong>optimiser la synth\u00e8se prot\u00e9ique, r\u00e9duire le temps de r\u00e9cup\u00e9ration et am\u00e9liorer les performances musculaires<\/strong>.<\/p>\n","protected":false},"featured_media":7118,"comment_status":"open","ping_status":"closed","template":"","meta":[],"product_cat":[78,38],"product_tag":[],"class_list":{"0":"post-7117","1":"product","2":"type-product","3":"status-publish","4":"has-post-thumbnail","6":"product_brand-americain-wolf","7":"product_cat-acide-amine","8":"product_cat-endurance-energy","10":"first","11":"instock","12":"shipping-taxable","13":"purchasable","14":"product-type-simple"},"yoast_head":"<!-- This site is optimized with the Yoast SEO plugin v25.2 - https:\/\/yoast.com\/wordpress\/plugins\/seo\/ -->\n<title>EAA 600GR AMERICAIN WOLF - MR MASS<\/title>\n<meta name=\"description\" content=\"Essential EAA 8000 \u2013 American Wolf est un compl\u00e9ment alimentaire de nouvelle g\u00e9n\u00e9ration, con\u00e7u par une \u00e9quipe sp\u00e9cialis\u00e9e en nutrition sportive avanc\u00e9e, destin\u00e9 aux athl\u00e8tes souhaitant optimiser la synth\u00e8se prot\u00e9ique, r\u00e9duire le temps de r\u00e9cup\u00e9ration et am\u00e9liorer les performances musculaires.\" \/>\n<meta name=\"robots\" content=\"index, follow, max-snippet:-1, max-image-preview:large, max-video-preview:-1\" \/>\n<link rel=\"canonical\" href=\"https:\/\/mr-mass.com\/?product=eaa-600gr-americain-wolf\" \/>\n<meta property=\"og:locale\" content=\"fr_FR\" \/>\n<meta property=\"og:type\" content=\"article\" \/>\n<meta property=\"og:title\" content=\"EAA 600GR AMERICAIN WOLF - MR MASS\" \/>\n<meta property=\"og:description\" content=\"Essential EAA 8000 \u2013 American Wolf est un compl\u00e9ment alimentaire de nouvelle g\u00e9n\u00e9ration, con\u00e7u par une \u00e9quipe sp\u00e9cialis\u00e9e en nutrition sportive avanc\u00e9e, destin\u00e9 aux athl\u00e8tes souhaitant optimiser la synth\u00e8se prot\u00e9ique, r\u00e9duire le temps de r\u00e9cup\u00e9ration et am\u00e9liorer les performances musculaires.\" \/>\n<meta property=\"og:url\" content=\"https:\/\/mr-mass.com\/?product=eaa-600gr-americain-wolf\" \/>\n<meta property=\"og:site_name\" content=\"MR MASS\" \/>\n<meta property=\"article:modified_time\" content=\"2026-01-17T10:42:07+00:00\" \/>\n<meta property=\"og:image\" content=\"https:\/\/mr-mass.com\/wp-content\/uploads\/2026\/01\/EAA-PUNCH-ok.webp-696007a0e963c-e1768645814581.webp\" \/>\n\t<meta property=\"og:image:width\" content=\"500\" \/>\n\t<meta property=\"og:image:height\" content=\"500\" \/>\n\t<meta property=\"og:image:type\" content=\"image\/webp\" \/>\n<meta name=\"twitter:card\" content=\"summary_large_image\" \/>\n<meta name=\"twitter:label1\" content=\"Dur\u00e9e de lecture estim\u00e9e\" \/>\n\t<meta name=\"twitter:data1\" content=\"1 minute\" \/>\n<script type=\"application\/ld+json\" class=\"yoast-schema-graph\">{\"@context\":\"https:\/\/schema.org\",\"@graph\":[{\"@type\":\"WebPage\",\"@id\":\"https:\/\/mr-mass.com\/?product=eaa-600gr-americain-wolf\",\"url\":\"https:\/\/mr-mass.com\/?product=eaa-600gr-americain-wolf\",\"name\":\"EAA 600GR AMERICAIN WOLF - MR MASS\",\"isPartOf\":{\"@id\":\"https:\/\/mr-mass.com\/#website\"},\"primaryImageOfPage\":{\"@id\":\"https:\/\/mr-mass.com\/?product=eaa-600gr-americain-wolf#primaryimage\"},\"image\":{\"@id\":\"https:\/\/mr-mass.com\/?product=eaa-600gr-americain-wolf#primaryimage\"},\"thumbnailUrl\":\"https:\/\/mr-mass.com\/wp-content\/uploads\/2026\/01\/EAA-PUNCH-ok.webp-696007a0e963c-e1768645814581.webp\",\"datePublished\":\"2026-01-17T10:41:21+00:00\",\"dateModified\":\"2026-01-17T10:42:07+00:00\",\"description\":\"Essential EAA 8000 \u2013 American Wolf est un compl\u00e9ment alimentaire de nouvelle g\u00e9n\u00e9ration, con\u00e7u par une \u00e9quipe sp\u00e9cialis\u00e9e en nutrition sportive avanc\u00e9e, destin\u00e9 aux athl\u00e8tes souhaitant optimiser la synth\u00e8se prot\u00e9ique, r\u00e9duire le temps de r\u00e9cup\u00e9ration et am\u00e9liorer les performances musculaires.\",\"breadcrumb\":{\"@id\":\"https:\/\/mr-mass.com\/?product=eaa-600gr-americain-wolf#breadcrumb\"},\"inLanguage\":\"fr-FR\",\"potentialAction\":[{\"@type\":\"ReadAction\",\"target\":[\"https:\/\/mr-mass.com\/?product=eaa-600gr-americain-wolf\"]}]},{\"@type\":\"ImageObject\",\"inLanguage\":\"fr-FR\",\"@id\":\"https:\/\/mr-mass.com\/?product=eaa-600gr-americain-wolf#primaryimage\",\"url\":\"https:\/\/mr-mass.com\/wp-content\/uploads\/2026\/01\/EAA-PUNCH-ok.webp-696007a0e963c-e1768645814581.webp\",\"contentUrl\":\"https:\/\/mr-mass.com\/wp-content\/uploads\/2026\/01\/EAA-PUNCH-ok.webp-696007a0e963c-e1768645814581.webp\",\"width\":500,\"height\":500},{\"@type\":\"BreadcrumbList\",\"@id\":\"https:\/\/mr-mass.com\/?product=eaa-600gr-americain-wolf#breadcrumb\",\"itemListElement\":[{\"@type\":\"ListItem\",\"position\":1,\"name\":\"Home\",\"item\":\"https:\/\/mr-mass.com\/\"},{\"@type\":\"ListItem\",\"position\":2,\"name\":\"Boutique\",\"item\":\"https:\/\/mr-mass.com\/?page_id=8\"},{\"@type\":\"ListItem\",\"position\":3,\"name\":\"EAA 600GR AMERICAIN WOLF\"}]},{\"@type\":\"WebSite\",\"@id\":\"https:\/\/mr-mass.com\/#website\",\"url\":\"https:\/\/mr-mass.com\/\",\"name\":\"MR MASS\",\"description\":\"\",\"publisher\":{\"@id\":\"https:\/\/mr-mass.com\/#organization\"},\"potentialAction\":[{\"@type\":\"SearchAction\",\"target\":{\"@type\":\"EntryPoint\",\"urlTemplate\":\"https:\/\/mr-mass.com\/?s={search_term_string}\"},\"query-input\":{\"@type\":\"PropertyValueSpecification\",\"valueRequired\":true,\"valueName\":\"search_term_string\"}}],\"inLanguage\":\"fr-FR\"},{\"@type\":\"Organization\",\"@id\":\"https:\/\/mr-mass.com\/#organization\",\"name\":\"MR MASS\",\"url\":\"https:\/\/mr-mass.com\/\",\"logo\":{\"@type\":\"ImageObject\",\"inLanguage\":\"fr-FR\",\"@id\":\"https:\/\/mr-mass.com\/#\/schema\/logo\/image\/\",\"url\":\"https:\/\/mr-mass.com\/wp-content\/uploads\/2025\/06\/cropped-417524477_413976367821865_6357673664813295189_n-removebg-preview.png\",\"contentUrl\":\"https:\/\/mr-mass.com\/wp-content\/uploads\/2025\/06\/cropped-417524477_413976367821865_6357673664813295189_n-removebg-preview.png\",\"width\":500,\"height\":436,\"caption\":\"MR MASS\"},\"image\":{\"@id\":\"https:\/\/mr-mass.com\/#\/schema\/logo\/image\/\"}}]}<\/script>\n<!-- \/ Yoast SEO plugin. -->","yoast_head_json":{"title":"EAA 600GR AMERICAIN WOLF - MR MASS","description":"Essential EAA 8000 \u2013 American Wolf est un compl\u00e9ment alimentaire de nouvelle g\u00e9n\u00e9ration, con\u00e7u par une \u00e9quipe sp\u00e9cialis\u00e9e en nutrition sportive avanc\u00e9e, destin\u00e9 aux athl\u00e8tes souhaitant optimiser la synth\u00e8se prot\u00e9ique, r\u00e9duire le temps de r\u00e9cup\u00e9ration et am\u00e9liorer les performances musculaires.","robots":{"index":"index","follow":"follow","max-snippet":"max-snippet:-1","max-image-preview":"max-image-preview:large","max-video-preview":"max-video-preview:-1"},"canonical":"https:\/\/mr-mass.com\/?product=eaa-600gr-americain-wolf","og_locale":"fr_FR","og_type":"article","og_title":"EAA 600GR AMERICAIN WOLF - MR MASS","og_description":"Essential EAA 8000 \u2013 American Wolf est un compl\u00e9ment alimentaire de nouvelle g\u00e9n\u00e9ration, con\u00e7u par une \u00e9quipe sp\u00e9cialis\u00e9e en nutrition sportive avanc\u00e9e, destin\u00e9 aux athl\u00e8tes souhaitant optimiser la synth\u00e8se prot\u00e9ique, r\u00e9duire le temps de r\u00e9cup\u00e9ration et am\u00e9liorer les performances musculaires.","og_url":"https:\/\/mr-mass.com\/?product=eaa-600gr-americain-wolf","og_site_name":"MR MASS","article_modified_time":"2026-01-17T10:42:07+00:00","og_image":[{"width":500,"height":500,"url":"https:\/\/mr-mass.com\/wp-content\/uploads\/2026\/01\/EAA-PUNCH-ok.webp-696007a0e963c-e1768645814581.webp","type":"image\/webp"}],"twitter_card":"summary_large_image","twitter_misc":{"Dur\u00e9e de lecture estim\u00e9e":"1 minute"},"schema":{"@context":"https:\/\/schema.org","@graph":[{"@type":"WebPage","@id":"https:\/\/mr-mass.com\/?product=eaa-600gr-americain-wolf","url":"https:\/\/mr-mass.com\/?product=eaa-600gr-americain-wolf","name":"EAA 600GR AMERICAIN WOLF - MR MASS","isPartOf":{"@id":"https:\/\/mr-mass.com\/#website"},"primaryImageOfPage":{"@id":"https:\/\/mr-mass.com\/?product=eaa-600gr-americain-wolf#primaryimage"},"image":{"@id":"https:\/\/mr-mass.com\/?product=eaa-600gr-americain-wolf#primaryimage"},"thumbnailUrl":"https:\/\/mr-mass.com\/wp-content\/uploads\/2026\/01\/EAA-PUNCH-ok.webp-696007a0e963c-e1768645814581.webp","datePublished":"2026-01-17T10:41:21+00:00","dateModified":"2026-01-17T10:42:07+00:00","description":"Essential EAA 8000 \u2013 American Wolf est un compl\u00e9ment alimentaire de nouvelle g\u00e9n\u00e9ration, con\u00e7u par une \u00e9quipe sp\u00e9cialis\u00e9e en nutrition sportive avanc\u00e9e, destin\u00e9 aux athl\u00e8tes souhaitant optimiser la synth\u00e8se prot\u00e9ique, r\u00e9duire le temps de r\u00e9cup\u00e9ration et am\u00e9liorer les performances musculaires.","breadcrumb":{"@id":"https:\/\/mr-mass.com\/?product=eaa-600gr-americain-wolf#breadcrumb"},"inLanguage":"fr-FR","potentialAction":[{"@type":"ReadAction","target":["https:\/\/mr-mass.com\/?product=eaa-600gr-americain-wolf"]}]},{"@type":"ImageObject","inLanguage":"fr-FR","@id":"https:\/\/mr-mass.com\/?product=eaa-600gr-americain-wolf#primaryimage","url":"https:\/\/mr-mass.com\/wp-content\/uploads\/2026\/01\/EAA-PUNCH-ok.webp-696007a0e963c-e1768645814581.webp","contentUrl":"https:\/\/mr-mass.com\/wp-content\/uploads\/2026\/01\/EAA-PUNCH-ok.webp-696007a0e963c-e1768645814581.webp","width":500,"height":500},{"@type":"BreadcrumbList","@id":"https:\/\/mr-mass.com\/?product=eaa-600gr-americain-wolf#breadcrumb","itemListElement":[{"@type":"ListItem","position":1,"name":"Home","item":"https:\/\/mr-mass.com\/"},{"@type":"ListItem","position":2,"name":"Boutique","item":"https:\/\/mr-mass.com\/?page_id=8"},{"@type":"ListItem","position":3,"name":"EAA 600GR AMERICAIN WOLF"}]},{"@type":"WebSite","@id":"https:\/\/mr-mass.com\/#website","url":"https:\/\/mr-mass.com\/","name":"MR MASS","description":"","publisher":{"@id":"https:\/\/mr-mass.com\/#organization"},"potentialAction":[{"@type":"SearchAction","target":{"@type":"EntryPoint","urlTemplate":"https:\/\/mr-mass.com\/?s={search_term_string}"},"query-input":{"@type":"PropertyValueSpecification","valueRequired":true,"valueName":"search_term_string"}}],"inLanguage":"fr-FR"},{"@type":"Organization","@id":"https:\/\/mr-mass.com\/#organization","name":"MR MASS","url":"https:\/\/mr-mass.com\/","logo":{"@type":"ImageObject","inLanguage":"fr-FR","@id":"https:\/\/mr-mass.com\/#\/schema\/logo\/image\/","url":"https:\/\/mr-mass.com\/wp-content\/uploads\/2025\/06\/cropped-417524477_413976367821865_6357673664813295189_n-removebg-preview.png","contentUrl":"https:\/\/mr-mass.com\/wp-content\/uploads\/2025\/06\/cropped-417524477_413976367821865_6357673664813295189_n-removebg-preview.png","width":500,"height":436,"caption":"MR MASS"},"image":{"@id":"https:\/\/mr-mass.com\/#\/schema\/logo\/image\/"}}]}},"jetpack_sharing_enabled":true,"_links":{"self":[{"href":"https:\/\/mr-mass.com\/index.php?rest_route=\/wp\/v2\/product\/7117","targetHints":{"allow":["GET"]}}],"collection":[{"href":"https:\/\/mr-mass.com\/index.php?rest_route=\/wp\/v2\/product"}],"about":[{"href":"https:\/\/mr-mass.com\/index.php?rest_route=\/wp\/v2\/types\/product"}],"replies":[{"embeddable":true,"href":"https:\/\/mr-mass.com\/index.php?rest_route=%2Fwp%2Fv2%2Fcomments&post=7117"}],"wp:featuredmedia":[{"embeddable":true,"href":"https:\/\/mr-mass.com\/index.php?rest_route=\/wp\/v2\/media\/7118"}],"wp:attachment":[{"href":"https:\/\/mr-mass.com\/index.php?rest_route=%2Fwp%2Fv2%2Fmedia&parent=7117"}],"wp:term":[{"taxonomy":"product_cat","embeddable":true,"href":"https:\/\/mr-mass.com\/index.php?rest_route=%2Fwp%2Fv2%2Fproduct_cat&post=7117"},{"taxonomy":"product_tag","embeddable":true,"href":"https:\/\/mr-mass.com\/index.php?rest_route=%2Fwp%2Fv2%2Fproduct_tag&post=7117"}],"curies":[{"name":"wp","href":"https:\/\/api.w.org\/{rel}","templated":true}]}}