{"id":7129,"date":"2026-01-17T11:59:33","date_gmt":"2026-01-17T10:59:33","guid":{"rendered":"https:\/\/mr-mass.com\/?post_type=product&#038;p=7129"},"modified":"2026-01-17T11:59:34","modified_gmt":"2026-01-17T10:59:34","slug":"fuel-l-arginine-4000-american-wolf-250-g","status":"publish","type":"product","link":"https:\/\/mr-mass.com\/?product=fuel-l-arginine-4000-american-wolf-250-g","title":{"rendered":"Fuel L-Arginine 4000 \u2013 American Wolf | 250 g"},"content":{"rendered":"<h6><span style=\"color: #000000;\">Arginine \u2013 American Wolf<\/span><\/h6>\n<h6>\n<span style=\"color: #000000;\"><b>Description<\/b><\/span><\/h6>\n<h6>\n<span data-start=\"146\" data-end=\"172\">Arginine American Wolf<\/span>\u00a0est un compl\u00e9ment alimentaire formul\u00e9 \u00e0 base de\u00a0<span data-start=\"221\" data-end=\"235\">L-arginine<\/span>, un acide amin\u00e9 essentiel \u00e0 la production d\u2019<span data-start=\"280\" data-end=\"303\">oxyde nitrique (NO)<\/span>. Il favorise la\u00a0<span data-start=\"320\" data-end=\"338\">vasodilatation<\/span>, am\u00e9liore la\u00a0<span data-start=\"352\" data-end=\"376\">circulation sanguine<\/span>\u00a0et l\u2019<span data-start=\"382\" data-end=\"408\">oxyg\u00e9nation musculaire<\/span>, contribuant ainsi \u00e0 une meilleure\u00a0<span data-start=\"444\" data-end=\"459\">performance<\/span>, une\u00a0<span data-start=\"465\" data-end=\"481\">force accrue<\/span>\u00a0et une\u00a0<span data-start=\"489\" data-end=\"515\">r\u00e9cup\u00e9ration optimis\u00e9e<\/span>.<br \/>\nLa L-arginine participe \u00e9galement au soutien naturel de la\u00a0<span data-start=\"577\" data-end=\"623\">production de l\u2019hormone de croissance (GH)<\/span>, essentielle au d\u00e9veloppement musculaire.<\/h6>\n<h6><\/h6>\n<h6>\n<b><span style=\"color: #000000;\">B\u00e9n\u00e9fices<\/span><\/b><\/h6>\n<h6><\/h6>\n<h6>\nAm\u00e9liore le\u00a0<span data-start=\"700\" data-end=\"738\">flux sanguin et le pump musculaire<br \/>\n<\/span>Soutient la\u00a0<span data-start=\"753\" data-end=\"783\">performance et l\u2019endurance<br \/>\n<\/span>Favorise la\u00a0<span data-start=\"798\" data-end=\"825\">r\u00e9cup\u00e9ration musculaire<br \/>\n<\/span>Contribue au\u00a0<span data-start=\"841\" data-end=\"869\">d\u00e9veloppement musculaire<\/span><\/h6>\n<h6><span data-start=\"841\" data-end=\"869\"><br \/>\n<\/span><b><span style=\"color: #000000;\">Mode d\u2019emploi<\/span><\/b><\/h6>\n<h6>\n<span data-start=\"894\" data-end=\"916\">Dose recommand\u00e9e :<\/span>\u00a05 g par jour<br \/>\n<span data-start=\"932\" data-end=\"950\">Moment id\u00e9al :<br \/>\n<\/span>\u00c0 jeun le matin<br \/>\nOu 30 minutes avant l\u2019entra\u00eenement<\/h6>\n<h6>\n<span style=\"color: #000000;\"><b>Ingr\u00e9dients<\/b><\/span><\/h6>\n<h6>\nL-arginine, acide citrique, ar\u00f4me artificiel, \u00e9dulcorants (ac\u00e9sulfame K, sucralose), anti-agglom\u00e9rant (dioxyde de silicium), colorant.<\/h6>\n","protected":false},"excerpt":{"rendered":"<p>Arginine American Wolf : L-arginine pure pour pump musculaire, meilleure circulation sanguine, performance, force et r\u00e9cup\u00e9ration<\/p>\n","protected":false},"featured_media":7130,"comment_status":"open","ping_status":"closed","template":"","meta":[],"product_cat":[78,38],"product_tag":[],"class_list":{"0":"post-7129","1":"product","2":"type-product","3":"status-publish","4":"has-post-thumbnail","6":"product_brand-americain-wolf","7":"product_cat-acide-amine","8":"product_cat-endurance-energy","10":"first","11":"instock","12":"shipping-taxable","13":"purchasable","14":"product-type-simple"},"yoast_head":"<!-- This site is optimized with the Yoast SEO plugin v25.2 - https:\/\/yoast.com\/wordpress\/plugins\/seo\/ -->\n<title>Fuel L-Arginine 4000 \u2013 American Wolf | 250 g - MR MASS<\/title>\n<meta name=\"description\" content=\"Arginine American Wolf : L-arginine pure pour pump musculaire, meilleure circulation sanguine, performance, force et r\u00e9cup\u00e9ration\" \/>\n<meta name=\"robots\" content=\"index, follow, max-snippet:-1, max-image-preview:large, max-video-preview:-1\" \/>\n<link rel=\"canonical\" href=\"https:\/\/mr-mass.com\/?product=fuel-l-arginine-4000-american-wolf-250-g\" \/>\n<meta property=\"og:locale\" content=\"fr_FR\" \/>\n<meta property=\"og:type\" content=\"article\" \/>\n<meta property=\"og:title\" content=\"Fuel L-Arginine 4000 \u2013 American Wolf | 250 g - MR MASS\" \/>\n<meta property=\"og:description\" content=\"Arginine American Wolf : L-arginine pure pour pump musculaire, meilleure circulation sanguine, performance, force et r\u00e9cup\u00e9ration\" \/>\n<meta property=\"og:url\" content=\"https:\/\/mr-mass.com\/?product=fuel-l-arginine-4000-american-wolf-250-g\" \/>\n<meta property=\"og:site_name\" content=\"MR MASS\" \/>\n<meta property=\"article:modified_time\" content=\"2026-01-17T10:59:34+00:00\" \/>\n<meta property=\"og:image\" content=\"https:\/\/mr-mass.com\/wp-content\/uploads\/2026\/01\/arginine.webp-69624cc30638e-e1768647415842.webp\" \/>\n\t<meta property=\"og:image:width\" content=\"500\" \/>\n\t<meta property=\"og:image:height\" content=\"500\" \/>\n\t<meta property=\"og:image:type\" content=\"image\/webp\" \/>\n<meta name=\"twitter:card\" content=\"summary_large_image\" \/>\n<meta name=\"twitter:label1\" content=\"Dur\u00e9e de lecture estim\u00e9e\" \/>\n\t<meta name=\"twitter:data1\" content=\"1 minute\" \/>\n<script type=\"application\/ld+json\" class=\"yoast-schema-graph\">{\"@context\":\"https:\/\/schema.org\",\"@graph\":[{\"@type\":\"WebPage\",\"@id\":\"https:\/\/mr-mass.com\/?product=fuel-l-arginine-4000-american-wolf-250-g\",\"url\":\"https:\/\/mr-mass.com\/?product=fuel-l-arginine-4000-american-wolf-250-g\",\"name\":\"Fuel L-Arginine 4000 \u2013 American Wolf | 250 g - MR MASS\",\"isPartOf\":{\"@id\":\"https:\/\/mr-mass.com\/#website\"},\"primaryImageOfPage\":{\"@id\":\"https:\/\/mr-mass.com\/?product=fuel-l-arginine-4000-american-wolf-250-g#primaryimage\"},\"image\":{\"@id\":\"https:\/\/mr-mass.com\/?product=fuel-l-arginine-4000-american-wolf-250-g#primaryimage\"},\"thumbnailUrl\":\"https:\/\/mr-mass.com\/wp-content\/uploads\/2026\/01\/arginine.webp-69624cc30638e-e1768647415842.webp\",\"datePublished\":\"2026-01-17T10:59:33+00:00\",\"dateModified\":\"2026-01-17T10:59:34+00:00\",\"description\":\"Arginine American Wolf : L-arginine pure pour pump musculaire, meilleure circulation sanguine, performance, force et r\u00e9cup\u00e9ration\",\"breadcrumb\":{\"@id\":\"https:\/\/mr-mass.com\/?product=fuel-l-arginine-4000-american-wolf-250-g#breadcrumb\"},\"inLanguage\":\"fr-FR\",\"potentialAction\":[{\"@type\":\"ReadAction\",\"target\":[\"https:\/\/mr-mass.com\/?product=fuel-l-arginine-4000-american-wolf-250-g\"]}]},{\"@type\":\"ImageObject\",\"inLanguage\":\"fr-FR\",\"@id\":\"https:\/\/mr-mass.com\/?product=fuel-l-arginine-4000-american-wolf-250-g#primaryimage\",\"url\":\"https:\/\/mr-mass.com\/wp-content\/uploads\/2026\/01\/arginine.webp-69624cc30638e-e1768647415842.webp\",\"contentUrl\":\"https:\/\/mr-mass.com\/wp-content\/uploads\/2026\/01\/arginine.webp-69624cc30638e-e1768647415842.webp\",\"width\":500,\"height\":500},{\"@type\":\"BreadcrumbList\",\"@id\":\"https:\/\/mr-mass.com\/?product=fuel-l-arginine-4000-american-wolf-250-g#breadcrumb\",\"itemListElement\":[{\"@type\":\"ListItem\",\"position\":1,\"name\":\"Home\",\"item\":\"https:\/\/mr-mass.com\/\"},{\"@type\":\"ListItem\",\"position\":2,\"name\":\"Boutique\",\"item\":\"https:\/\/mr-mass.com\/?page_id=8\"},{\"@type\":\"ListItem\",\"position\":3,\"name\":\"Fuel L-Arginine 4000 \u2013 American Wolf | 250 g\"}]},{\"@type\":\"WebSite\",\"@id\":\"https:\/\/mr-mass.com\/#website\",\"url\":\"https:\/\/mr-mass.com\/\",\"name\":\"MR MASS\",\"description\":\"\",\"publisher\":{\"@id\":\"https:\/\/mr-mass.com\/#organization\"},\"potentialAction\":[{\"@type\":\"SearchAction\",\"target\":{\"@type\":\"EntryPoint\",\"urlTemplate\":\"https:\/\/mr-mass.com\/?s={search_term_string}\"},\"query-input\":{\"@type\":\"PropertyValueSpecification\",\"valueRequired\":true,\"valueName\":\"search_term_string\"}}],\"inLanguage\":\"fr-FR\"},{\"@type\":\"Organization\",\"@id\":\"https:\/\/mr-mass.com\/#organization\",\"name\":\"MR MASS\",\"url\":\"https:\/\/mr-mass.com\/\",\"logo\":{\"@type\":\"ImageObject\",\"inLanguage\":\"fr-FR\",\"@id\":\"https:\/\/mr-mass.com\/#\/schema\/logo\/image\/\",\"url\":\"https:\/\/mr-mass.com\/wp-content\/uploads\/2025\/06\/cropped-417524477_413976367821865_6357673664813295189_n-removebg-preview.png\",\"contentUrl\":\"https:\/\/mr-mass.com\/wp-content\/uploads\/2025\/06\/cropped-417524477_413976367821865_6357673664813295189_n-removebg-preview.png\",\"width\":500,\"height\":436,\"caption\":\"MR MASS\"},\"image\":{\"@id\":\"https:\/\/mr-mass.com\/#\/schema\/logo\/image\/\"}}]}<\/script>\n<!-- \/ Yoast SEO plugin. -->","yoast_head_json":{"title":"Fuel L-Arginine 4000 \u2013 American Wolf | 250 g - MR MASS","description":"Arginine American Wolf : L-arginine pure pour pump musculaire, meilleure circulation sanguine, performance, force et r\u00e9cup\u00e9ration","robots":{"index":"index","follow":"follow","max-snippet":"max-snippet:-1","max-image-preview":"max-image-preview:large","max-video-preview":"max-video-preview:-1"},"canonical":"https:\/\/mr-mass.com\/?product=fuel-l-arginine-4000-american-wolf-250-g","og_locale":"fr_FR","og_type":"article","og_title":"Fuel L-Arginine 4000 \u2013 American Wolf | 250 g - MR MASS","og_description":"Arginine American Wolf : L-arginine pure pour pump musculaire, meilleure circulation sanguine, performance, force et r\u00e9cup\u00e9ration","og_url":"https:\/\/mr-mass.com\/?product=fuel-l-arginine-4000-american-wolf-250-g","og_site_name":"MR MASS","article_modified_time":"2026-01-17T10:59:34+00:00","og_image":[{"width":500,"height":500,"url":"https:\/\/mr-mass.com\/wp-content\/uploads\/2026\/01\/arginine.webp-69624cc30638e-e1768647415842.webp","type":"image\/webp"}],"twitter_card":"summary_large_image","twitter_misc":{"Dur\u00e9e de lecture estim\u00e9e":"1 minute"},"schema":{"@context":"https:\/\/schema.org","@graph":[{"@type":"WebPage","@id":"https:\/\/mr-mass.com\/?product=fuel-l-arginine-4000-american-wolf-250-g","url":"https:\/\/mr-mass.com\/?product=fuel-l-arginine-4000-american-wolf-250-g","name":"Fuel L-Arginine 4000 \u2013 American Wolf | 250 g - MR MASS","isPartOf":{"@id":"https:\/\/mr-mass.com\/#website"},"primaryImageOfPage":{"@id":"https:\/\/mr-mass.com\/?product=fuel-l-arginine-4000-american-wolf-250-g#primaryimage"},"image":{"@id":"https:\/\/mr-mass.com\/?product=fuel-l-arginine-4000-american-wolf-250-g#primaryimage"},"thumbnailUrl":"https:\/\/mr-mass.com\/wp-content\/uploads\/2026\/01\/arginine.webp-69624cc30638e-e1768647415842.webp","datePublished":"2026-01-17T10:59:33+00:00","dateModified":"2026-01-17T10:59:34+00:00","description":"Arginine American Wolf : L-arginine pure pour pump musculaire, meilleure circulation sanguine, performance, force et r\u00e9cup\u00e9ration","breadcrumb":{"@id":"https:\/\/mr-mass.com\/?product=fuel-l-arginine-4000-american-wolf-250-g#breadcrumb"},"inLanguage":"fr-FR","potentialAction":[{"@type":"ReadAction","target":["https:\/\/mr-mass.com\/?product=fuel-l-arginine-4000-american-wolf-250-g"]}]},{"@type":"ImageObject","inLanguage":"fr-FR","@id":"https:\/\/mr-mass.com\/?product=fuel-l-arginine-4000-american-wolf-250-g#primaryimage","url":"https:\/\/mr-mass.com\/wp-content\/uploads\/2026\/01\/arginine.webp-69624cc30638e-e1768647415842.webp","contentUrl":"https:\/\/mr-mass.com\/wp-content\/uploads\/2026\/01\/arginine.webp-69624cc30638e-e1768647415842.webp","width":500,"height":500},{"@type":"BreadcrumbList","@id":"https:\/\/mr-mass.com\/?product=fuel-l-arginine-4000-american-wolf-250-g#breadcrumb","itemListElement":[{"@type":"ListItem","position":1,"name":"Home","item":"https:\/\/mr-mass.com\/"},{"@type":"ListItem","position":2,"name":"Boutique","item":"https:\/\/mr-mass.com\/?page_id=8"},{"@type":"ListItem","position":3,"name":"Fuel L-Arginine 4000 \u2013 American Wolf | 250 g"}]},{"@type":"WebSite","@id":"https:\/\/mr-mass.com\/#website","url":"https:\/\/mr-mass.com\/","name":"MR MASS","description":"","publisher":{"@id":"https:\/\/mr-mass.com\/#organization"},"potentialAction":[{"@type":"SearchAction","target":{"@type":"EntryPoint","urlTemplate":"https:\/\/mr-mass.com\/?s={search_term_string}"},"query-input":{"@type":"PropertyValueSpecification","valueRequired":true,"valueName":"search_term_string"}}],"inLanguage":"fr-FR"},{"@type":"Organization","@id":"https:\/\/mr-mass.com\/#organization","name":"MR MASS","url":"https:\/\/mr-mass.com\/","logo":{"@type":"ImageObject","inLanguage":"fr-FR","@id":"https:\/\/mr-mass.com\/#\/schema\/logo\/image\/","url":"https:\/\/mr-mass.com\/wp-content\/uploads\/2025\/06\/cropped-417524477_413976367821865_6357673664813295189_n-removebg-preview.png","contentUrl":"https:\/\/mr-mass.com\/wp-content\/uploads\/2025\/06\/cropped-417524477_413976367821865_6357673664813295189_n-removebg-preview.png","width":500,"height":436,"caption":"MR MASS"},"image":{"@id":"https:\/\/mr-mass.com\/#\/schema\/logo\/image\/"}}]}},"jetpack_sharing_enabled":true,"_links":{"self":[{"href":"https:\/\/mr-mass.com\/index.php?rest_route=\/wp\/v2\/product\/7129","targetHints":{"allow":["GET"]}}],"collection":[{"href":"https:\/\/mr-mass.com\/index.php?rest_route=\/wp\/v2\/product"}],"about":[{"href":"https:\/\/mr-mass.com\/index.php?rest_route=\/wp\/v2\/types\/product"}],"replies":[{"embeddable":true,"href":"https:\/\/mr-mass.com\/index.php?rest_route=%2Fwp%2Fv2%2Fcomments&post=7129"}],"wp:featuredmedia":[{"embeddable":true,"href":"https:\/\/mr-mass.com\/index.php?rest_route=\/wp\/v2\/media\/7130"}],"wp:attachment":[{"href":"https:\/\/mr-mass.com\/index.php?rest_route=%2Fwp%2Fv2%2Fmedia&parent=7129"}],"wp:term":[{"taxonomy":"product_cat","embeddable":true,"href":"https:\/\/mr-mass.com\/index.php?rest_route=%2Fwp%2Fv2%2Fproduct_cat&post=7129"},{"taxonomy":"product_tag","embeddable":true,"href":"https:\/\/mr-mass.com\/index.php?rest_route=%2Fwp%2Fv2%2Fproduct_tag&post=7129"}],"curies":[{"name":"wp","href":"https:\/\/api.w.org\/{rel}","templated":true}]}}