{"id":7132,"date":"2026-01-17T12:11:53","date_gmt":"2026-01-17T11:11:53","guid":{"rendered":"https:\/\/mr-mass.com\/?post_type=product&#038;p=7132"},"modified":"2026-01-17T12:11:53","modified_gmt":"2026-01-17T11:11:53","slug":"l-carnitine-american-wolf-250g","status":"publish","type":"product","link":"https:\/\/mr-mass.com\/?product=l-carnitine-american-wolf-250g","title":{"rendered":"L CARNITINE American Wolf | 250g"},"content":{"rendered":"<h6><span style=\"color: #000000;\"><b>Carnitine 2000 \u2013 American Wolf<\/b><\/span><\/h6>\n<h6>\n<b><span style=\"color: #000000;\">Description<\/span><\/b><\/h6>\n<h6><\/h6>\n<h6>\n<span data-start=\"227\" data-end=\"245\">Carnitine 2000<\/span>\u00a0est un compl\u00e9ment alimentaire \u00e0 base de\u00a0<span data-start=\"286\" data-end=\"301\">L-carnitine<\/span>\u00a0con\u00e7u pour optimiser les performances physiques, favoriser la\u00a0<span data-start=\"364\" data-end=\"384\">perte de graisse<\/span>\u00a0et am\u00e9liorer la\u00a0<span data-start=\"401\" data-end=\"428\">r\u00e9cup\u00e9ration musculaire<\/span>. Id\u00e9al avant l\u2019entra\u00eenement, il transforme les graisses en \u00e9nergie pour soutenir vos s\u00e9ances sportives et prolonger votre endurance.<\/h6>\n<h6><\/h6>\n<h6>\n<b><span style=\"color: #000000;\">B\u00e9n\u00e9fices<\/span><\/b><\/h6>\n<h6><\/h6>\n<h6>\n<span data-start=\"586\" data-end=\"626\">Optimise le m\u00e9tabolisme des graisses<br \/>\n<\/span><span data-start=\"631\" data-end=\"685\">Augmente l\u2019endurance et les performances physiques<br \/>\n<\/span><span data-start=\"690\" data-end=\"729\">Acc\u00e9l\u00e8re la r\u00e9cup\u00e9ration musculaire<br \/>\n<\/span><span data-start=\"734\" data-end=\"777\">Formule concentr\u00e9e et facile \u00e0 utiliser<\/span>\u00a0(2 g de L-carnitine par portion)<\/h6>\n<h6>\n<b><span style=\"color: #000000;\">Conseils d\u2019utilisation<\/span><\/b><\/h6>\n<h6>\n<span data-start=\"844\" data-end=\"866\">Dose recommand\u00e9e :<\/span>\u00a05 g par jour<br \/>\n<span data-start=\"882\" data-end=\"900\">Moment id\u00e9al :<\/span>\u00a0Avant l\u2019entra\u00eenement<br \/>\n<span data-start=\"924\" data-end=\"941\">Pr\u00e9paration :<\/span>\u00a0M\u00e9langer avec de l\u2019eau<\/h6>\n<h6><b><span style=\"color: #000000;\">Ingr\u00e9dients<\/span><\/b><\/h6>\n<h6>\nL-Carnitine, acide citrique, ar\u00f4me synth\u00e9tique, anti-agglom\u00e9rant (dioxyde de silicium), \u00e9dulcorants (acesulfame K, sucralose), colorant.<\/h6>\n<h6><\/h6>\n<h6>\n<span data-start=\"1127\" data-end=\"1143\"><b><span style=\"color: #000000;\">Allerg\u00e8nes<\/span><\/b>\u00a0:<\/span>\u00a0Fabriqu\u00e9 dans un atelier utilisant lait, soja et graines de s\u00e9same.<\/h6>\n","protected":false},"excerpt":{"rendered":"<p>Carnitine 2000 American Wolf : L-carnitine pour br\u00fbler les graisses, am\u00e9liorer l\u2019endurance, prolonger l\u2019effort et favoriser la r\u00e9cup\u00e9ration musculaire.<\/p>\n","protected":false},"featured_media":7133,"comment_status":"open","ping_status":"closed","template":"","meta":[],"product_cat":[38,60],"product_tag":[],"class_list":{"0":"post-7132","1":"product","2":"type-product","3":"status-publish","4":"has-post-thumbnail","6":"product_brand-americain-wolf","7":"product_cat-endurance-energy","8":"product_cat-fat-burner","10":"first","11":"instock","12":"shipping-taxable","13":"purchasable","14":"product-type-simple"},"yoast_head":"<!-- This site is optimized with the Yoast SEO plugin v25.2 - https:\/\/yoast.com\/wordpress\/plugins\/seo\/ -->\n<title>L CARNITINE American Wolf | 250g - MR MASS<\/title>\n<meta name=\"description\" content=\"Carnitine 2000 American Wolf : L-carnitine pour br\u00fbler les graisses, am\u00e9liorer l\u2019endurance, prolonger l\u2019effort et favoriser la r\u00e9cup\u00e9ration musculaire.\" \/>\n<meta name=\"robots\" content=\"index, follow, max-snippet:-1, max-image-preview:large, max-video-preview:-1\" \/>\n<link rel=\"canonical\" href=\"https:\/\/mr-mass.com\/?product=l-carnitine-american-wolf-250g\" \/>\n<meta property=\"og:locale\" content=\"fr_FR\" \/>\n<meta property=\"og:type\" content=\"article\" \/>\n<meta property=\"og:title\" content=\"L CARNITINE American Wolf | 250g - MR MASS\" \/>\n<meta property=\"og:description\" content=\"Carnitine 2000 American Wolf : L-carnitine pour br\u00fbler les graisses, am\u00e9liorer l\u2019endurance, prolonger l\u2019effort et favoriser la r\u00e9cup\u00e9ration musculaire.\" \/>\n<meta property=\"og:url\" content=\"https:\/\/mr-mass.com\/?product=l-carnitine-american-wolf-250g\" \/>\n<meta property=\"og:site_name\" content=\"MR MASS\" \/>\n<meta property=\"og:image\" content=\"https:\/\/mr-mass.com\/wp-content\/uploads\/2026\/01\/carnitine-citron.webp-69624eb52fc9f-e1768648293808.webp\" \/>\n\t<meta property=\"og:image:width\" content=\"500\" \/>\n\t<meta property=\"og:image:height\" content=\"500\" \/>\n\t<meta property=\"og:image:type\" content=\"image\/webp\" \/>\n<meta name=\"twitter:card\" content=\"summary_large_image\" \/>\n<meta name=\"twitter:label1\" content=\"Dur\u00e9e de lecture estim\u00e9e\" \/>\n\t<meta name=\"twitter:data1\" content=\"1 minute\" \/>\n<script type=\"application\/ld+json\" class=\"yoast-schema-graph\">{\"@context\":\"https:\/\/schema.org\",\"@graph\":[{\"@type\":\"WebPage\",\"@id\":\"https:\/\/mr-mass.com\/?product=l-carnitine-american-wolf-250g\",\"url\":\"https:\/\/mr-mass.com\/?product=l-carnitine-american-wolf-250g\",\"name\":\"L CARNITINE American Wolf | 250g - MR MASS\",\"isPartOf\":{\"@id\":\"https:\/\/mr-mass.com\/#website\"},\"primaryImageOfPage\":{\"@id\":\"https:\/\/mr-mass.com\/?product=l-carnitine-american-wolf-250g#primaryimage\"},\"image\":{\"@id\":\"https:\/\/mr-mass.com\/?product=l-carnitine-american-wolf-250g#primaryimage\"},\"thumbnailUrl\":\"https:\/\/mr-mass.com\/wp-content\/uploads\/2026\/01\/carnitine-citron.webp-69624eb52fc9f-e1768648293808.webp\",\"datePublished\":\"2026-01-17T11:11:53+00:00\",\"description\":\"Carnitine 2000 American Wolf : L-carnitine pour br\u00fbler les graisses, am\u00e9liorer l\u2019endurance, prolonger l\u2019effort et favoriser la r\u00e9cup\u00e9ration musculaire.\",\"breadcrumb\":{\"@id\":\"https:\/\/mr-mass.com\/?product=l-carnitine-american-wolf-250g#breadcrumb\"},\"inLanguage\":\"fr-FR\",\"potentialAction\":[{\"@type\":\"ReadAction\",\"target\":[\"https:\/\/mr-mass.com\/?product=l-carnitine-american-wolf-250g\"]}]},{\"@type\":\"ImageObject\",\"inLanguage\":\"fr-FR\",\"@id\":\"https:\/\/mr-mass.com\/?product=l-carnitine-american-wolf-250g#primaryimage\",\"url\":\"https:\/\/mr-mass.com\/wp-content\/uploads\/2026\/01\/carnitine-citron.webp-69624eb52fc9f-e1768648293808.webp\",\"contentUrl\":\"https:\/\/mr-mass.com\/wp-content\/uploads\/2026\/01\/carnitine-citron.webp-69624eb52fc9f-e1768648293808.webp\",\"width\":500,\"height\":500},{\"@type\":\"BreadcrumbList\",\"@id\":\"https:\/\/mr-mass.com\/?product=l-carnitine-american-wolf-250g#breadcrumb\",\"itemListElement\":[{\"@type\":\"ListItem\",\"position\":1,\"name\":\"Home\",\"item\":\"https:\/\/mr-mass.com\/\"},{\"@type\":\"ListItem\",\"position\":2,\"name\":\"Boutique\",\"item\":\"https:\/\/mr-mass.com\/?page_id=8\"},{\"@type\":\"ListItem\",\"position\":3,\"name\":\"L CARNITINE American Wolf | 250g\"}]},{\"@type\":\"WebSite\",\"@id\":\"https:\/\/mr-mass.com\/#website\",\"url\":\"https:\/\/mr-mass.com\/\",\"name\":\"MR MASS\",\"description\":\"\",\"publisher\":{\"@id\":\"https:\/\/mr-mass.com\/#organization\"},\"potentialAction\":[{\"@type\":\"SearchAction\",\"target\":{\"@type\":\"EntryPoint\",\"urlTemplate\":\"https:\/\/mr-mass.com\/?s={search_term_string}\"},\"query-input\":{\"@type\":\"PropertyValueSpecification\",\"valueRequired\":true,\"valueName\":\"search_term_string\"}}],\"inLanguage\":\"fr-FR\"},{\"@type\":\"Organization\",\"@id\":\"https:\/\/mr-mass.com\/#organization\",\"name\":\"MR MASS\",\"url\":\"https:\/\/mr-mass.com\/\",\"logo\":{\"@type\":\"ImageObject\",\"inLanguage\":\"fr-FR\",\"@id\":\"https:\/\/mr-mass.com\/#\/schema\/logo\/image\/\",\"url\":\"https:\/\/mr-mass.com\/wp-content\/uploads\/2025\/06\/cropped-417524477_413976367821865_6357673664813295189_n-removebg-preview.png\",\"contentUrl\":\"https:\/\/mr-mass.com\/wp-content\/uploads\/2025\/06\/cropped-417524477_413976367821865_6357673664813295189_n-removebg-preview.png\",\"width\":500,\"height\":436,\"caption\":\"MR MASS\"},\"image\":{\"@id\":\"https:\/\/mr-mass.com\/#\/schema\/logo\/image\/\"}}]}<\/script>\n<!-- \/ Yoast SEO plugin. -->","yoast_head_json":{"title":"L CARNITINE American Wolf | 250g - MR MASS","description":"Carnitine 2000 American Wolf : L-carnitine pour br\u00fbler les graisses, am\u00e9liorer l\u2019endurance, prolonger l\u2019effort et favoriser la r\u00e9cup\u00e9ration musculaire.","robots":{"index":"index","follow":"follow","max-snippet":"max-snippet:-1","max-image-preview":"max-image-preview:large","max-video-preview":"max-video-preview:-1"},"canonical":"https:\/\/mr-mass.com\/?product=l-carnitine-american-wolf-250g","og_locale":"fr_FR","og_type":"article","og_title":"L CARNITINE American Wolf | 250g - MR MASS","og_description":"Carnitine 2000 American Wolf : L-carnitine pour br\u00fbler les graisses, am\u00e9liorer l\u2019endurance, prolonger l\u2019effort et favoriser la r\u00e9cup\u00e9ration musculaire.","og_url":"https:\/\/mr-mass.com\/?product=l-carnitine-american-wolf-250g","og_site_name":"MR MASS","og_image":[{"width":500,"height":500,"url":"https:\/\/mr-mass.com\/wp-content\/uploads\/2026\/01\/carnitine-citron.webp-69624eb52fc9f-e1768648293808.webp","type":"image\/webp"}],"twitter_card":"summary_large_image","twitter_misc":{"Dur\u00e9e de lecture estim\u00e9e":"1 minute"},"schema":{"@context":"https:\/\/schema.org","@graph":[{"@type":"WebPage","@id":"https:\/\/mr-mass.com\/?product=l-carnitine-american-wolf-250g","url":"https:\/\/mr-mass.com\/?product=l-carnitine-american-wolf-250g","name":"L CARNITINE American Wolf | 250g - MR MASS","isPartOf":{"@id":"https:\/\/mr-mass.com\/#website"},"primaryImageOfPage":{"@id":"https:\/\/mr-mass.com\/?product=l-carnitine-american-wolf-250g#primaryimage"},"image":{"@id":"https:\/\/mr-mass.com\/?product=l-carnitine-american-wolf-250g#primaryimage"},"thumbnailUrl":"https:\/\/mr-mass.com\/wp-content\/uploads\/2026\/01\/carnitine-citron.webp-69624eb52fc9f-e1768648293808.webp","datePublished":"2026-01-17T11:11:53+00:00","description":"Carnitine 2000 American Wolf : L-carnitine pour br\u00fbler les graisses, am\u00e9liorer l\u2019endurance, prolonger l\u2019effort et favoriser la r\u00e9cup\u00e9ration musculaire.","breadcrumb":{"@id":"https:\/\/mr-mass.com\/?product=l-carnitine-american-wolf-250g#breadcrumb"},"inLanguage":"fr-FR","potentialAction":[{"@type":"ReadAction","target":["https:\/\/mr-mass.com\/?product=l-carnitine-american-wolf-250g"]}]},{"@type":"ImageObject","inLanguage":"fr-FR","@id":"https:\/\/mr-mass.com\/?product=l-carnitine-american-wolf-250g#primaryimage","url":"https:\/\/mr-mass.com\/wp-content\/uploads\/2026\/01\/carnitine-citron.webp-69624eb52fc9f-e1768648293808.webp","contentUrl":"https:\/\/mr-mass.com\/wp-content\/uploads\/2026\/01\/carnitine-citron.webp-69624eb52fc9f-e1768648293808.webp","width":500,"height":500},{"@type":"BreadcrumbList","@id":"https:\/\/mr-mass.com\/?product=l-carnitine-american-wolf-250g#breadcrumb","itemListElement":[{"@type":"ListItem","position":1,"name":"Home","item":"https:\/\/mr-mass.com\/"},{"@type":"ListItem","position":2,"name":"Boutique","item":"https:\/\/mr-mass.com\/?page_id=8"},{"@type":"ListItem","position":3,"name":"L CARNITINE American Wolf | 250g"}]},{"@type":"WebSite","@id":"https:\/\/mr-mass.com\/#website","url":"https:\/\/mr-mass.com\/","name":"MR MASS","description":"","publisher":{"@id":"https:\/\/mr-mass.com\/#organization"},"potentialAction":[{"@type":"SearchAction","target":{"@type":"EntryPoint","urlTemplate":"https:\/\/mr-mass.com\/?s={search_term_string}"},"query-input":{"@type":"PropertyValueSpecification","valueRequired":true,"valueName":"search_term_string"}}],"inLanguage":"fr-FR"},{"@type":"Organization","@id":"https:\/\/mr-mass.com\/#organization","name":"MR MASS","url":"https:\/\/mr-mass.com\/","logo":{"@type":"ImageObject","inLanguage":"fr-FR","@id":"https:\/\/mr-mass.com\/#\/schema\/logo\/image\/","url":"https:\/\/mr-mass.com\/wp-content\/uploads\/2025\/06\/cropped-417524477_413976367821865_6357673664813295189_n-removebg-preview.png","contentUrl":"https:\/\/mr-mass.com\/wp-content\/uploads\/2025\/06\/cropped-417524477_413976367821865_6357673664813295189_n-removebg-preview.png","width":500,"height":436,"caption":"MR MASS"},"image":{"@id":"https:\/\/mr-mass.com\/#\/schema\/logo\/image\/"}}]}},"jetpack_sharing_enabled":true,"_links":{"self":[{"href":"https:\/\/mr-mass.com\/index.php?rest_route=\/wp\/v2\/product\/7132","targetHints":{"allow":["GET"]}}],"collection":[{"href":"https:\/\/mr-mass.com\/index.php?rest_route=\/wp\/v2\/product"}],"about":[{"href":"https:\/\/mr-mass.com\/index.php?rest_route=\/wp\/v2\/types\/product"}],"replies":[{"embeddable":true,"href":"https:\/\/mr-mass.com\/index.php?rest_route=%2Fwp%2Fv2%2Fcomments&post=7132"}],"wp:featuredmedia":[{"embeddable":true,"href":"https:\/\/mr-mass.com\/index.php?rest_route=\/wp\/v2\/media\/7133"}],"wp:attachment":[{"href":"https:\/\/mr-mass.com\/index.php?rest_route=%2Fwp%2Fv2%2Fmedia&parent=7132"}],"wp:term":[{"taxonomy":"product_cat","embeddable":true,"href":"https:\/\/mr-mass.com\/index.php?rest_route=%2Fwp%2Fv2%2Fproduct_cat&post=7132"},{"taxonomy":"product_tag","embeddable":true,"href":"https:\/\/mr-mass.com\/index.php?rest_route=%2Fwp%2Fv2%2Fproduct_tag&post=7132"}],"curies":[{"name":"wp","href":"https:\/\/api.w.org\/{rel}","templated":true}]}}