{"id":7139,"date":"2026-01-17T17:59:41","date_gmt":"2026-01-17T16:59:41","guid":{"rendered":"https:\/\/mr-mass.com\/?post_type=product&#038;p=7139"},"modified":"2026-01-17T17:59:42","modified_gmt":"2026-01-17T16:59:42","slug":"rc-iso-tropic-max","status":"publish","type":"product","link":"https:\/\/mr-mass.com\/?product=rc-iso-tropic-max","title":{"rendered":"RC ISO-TROPIC MAX"},"content":{"rendered":"<p style=\"font-weight: 400;\" data-start=\"240\" data-end=\"529\">\ud83d\udcaa\u00a0<b><strong data-start=\"243\" data-end=\"281\">25g de prot\u00e9ines pures par portion 75 servings 2.3kg<\/strong><\/b><\/p>\n<p style=\"font-weight: 400;\">\u26a1\u00a0<b><strong data-start=\"286\" data-end=\"332\">Absorption rapide \u2013 R\u00e9cup\u00e9ration acc\u00e9l\u00e9r\u00e9e<br \/>\n<\/strong><\/b>\ud83c\udf6b\u00a0<b><strong data-start=\"338\" data-end=\"370\">D\u00e9licieuse saveur chocolat\u00e9e<br \/>\n<\/strong><\/b>\u274c\u00a0<b><strong data-start=\"375\" data-end=\"417\">Sans sucre ajout\u00e9 \u2013 Seulement 110 kcal<br \/>\n<\/strong><\/b>\ud83d\udce6\u00a0<b><strong data-start=\"423\" data-end=\"479\">75 portions par pot \u2013 Excellente dur\u00e9e d\u2019utilisation<br \/>\n<\/strong><\/b>\ud83c\uddfa\ud83c\uddf8\u00a0<b><strong data-start=\"487\" data-end=\"529\">Fabriqu\u00e9 aux USA \u2013 Certifi\u00e9 cGMP &amp; NSF<\/strong><\/b><\/p>\n<p style=\"font-weight: 400;\">\n\ud83e\uddec\u00a0<b><strong data-start=\"543\" data-end=\"585\">Prot\u00e9ine Pure &amp; Qualit\u00e9 Exceptionnelle<\/strong><\/b><br \/>\n\u27a1\ufe0f\u00a0<b><strong data-start=\"712\" data-end=\"733\">Sans sucre ajout\u00e9<\/strong><\/b>, faible en calories (110 kcal) : parfait pour\u00a0<b><strong data-start=\"780\" data-end=\"830\">atteindre vos objectifs fitness sans compromis<\/strong><\/b>.<\/p>\n<p style=\"font-weight: 400;\">\ud83c\udf6b\u00a0<b><strong data-start=\"845\" data-end=\"874\">Saveur Chocolat Gourmande<\/strong><\/b><br \/>\nId\u00e9al \u00e0 m\u00e9langer avec de l\u2019eau, du lait ou dans vos smoothies post-entra\u00eenement.<\/p>\n<p style=\"font-weight: 400;\">\n\ud83c\udfcb\ufe0f\u00a0<b><strong data-start=\"1033\" data-end=\"1077\">Soutien Musculaire &amp; R\u00e9cup\u00e9ration Rapide<\/strong><\/b><br \/>\n\u2714\ufe0f La\u00a0<b><strong data-start=\"1149\" data-end=\"1174\">croissance musculaire<\/strong><\/b><br \/>\n\u2714\ufe0f La\u00a0<b><strong data-start=\"1183\" data-end=\"1224\">r\u00e9cup\u00e9ration imm\u00e9diate apr\u00e8s l\u2019effort<\/strong><\/b><br \/>\n\u2714\ufe0f L\u2019entretien d\u2019une\u00a0<b><strong data-start=\"1248\" data-end=\"1285\">masse musculaire s\u00e8che et tonique<\/strong><\/b><\/p>\n<p style=\"font-weight: 400;\">\n\ud83e\udd57\u00a0<b><strong data-start=\"1299\" data-end=\"1341\">Faible en Glucides \u2013 Haute Performance<\/strong><\/b><br \/>\n\u2705 Les r\u00e9gimes faibles en glucides<br \/>\n\u2705 Les sportifs en phase de s\u00e8che<br \/>\n\u2705 Toute personne souhaitant un corps d\u00e9fini sans culpabilit\u00e9<\/p>\n<p style=\"font-weight: 400;\">\n\u2705\u00a0<b><strong data-start=\"1565\" data-end=\"1603\">Qualit\u00e9 Garantie \u2013 S\u00e9curit\u00e9 Totale<\/strong><\/b><br \/>\n\ud83d\udccb Conforme aux normes strictes\u00a0<b><strong data-start=\"1703\" data-end=\"1711\">cGMP<\/strong><\/b>\u00a0&amp;\u00a0<b><strong data-start=\"1714\" data-end=\"1721\">NSF<\/strong><\/b><br \/>\n\ud83d\udd12 Garantie de tra\u00e7abilit\u00e9 et de puret\u00e9 pour un usage quotidien en toute confiance<\/p>\n<p style=\"font-weight: 400;\">\n\ud83d\udd52\u00a0<b><strong data-start=\"1820\" data-end=\"1846\">Conseils d\u2019utilisation<\/strong><\/b><\/p>\n<p data-start=\"588\" data-end=\"831\">Chaque portion d\u2019<b><strong data-start=\"605\" data-end=\"623\">ISO-TROPIC MAX<\/strong><\/b>\u00a0contient\u00a0<b><strong data-start=\"633\" data-end=\"670\">25g de whey isolate ultra filtr\u00e9e<\/strong><\/b>, issue de sources de haute qualit\u00e9.<\/p>\n<p data-start=\"877\" data-end=\"1018\">Savourez une\u00a0<b><strong data-start=\"890\" data-end=\"934\">exp\u00e9rience chocolat\u00e9e riche et onctueuse<\/strong><\/b>.<\/p>\n<p data-start=\"1080\" data-end=\"1285\">Gr\u00e2ce \u00e0 son\u00a0<b><strong data-start=\"1092\" data-end=\"1113\">absorption rapide<\/strong><\/b>, cette prot\u00e9ine favorise :<\/p>\n<p data-start=\"1344\" data-end=\"1552\">Avec\u00a0<b><strong data-start=\"1349\" data-end=\"1377\">seulement 2g de glucides<\/strong><\/b>\u00a0par portion, c\u2019est un choix id\u00e9al pour :<\/p>\n<p data-start=\"1606\" data-end=\"1806\">\ud83d\udee1\ufe0f Fabriqu\u00e9 aux\u00a0<b><strong data-start=\"1623\" data-end=\"1637\">\u00c9tats-Unis<\/strong><\/b>\u00a0dans des\u00a0<b><strong data-start=\"1647\" data-end=\"1668\">usines certifi\u00e9es<\/strong><\/b><\/p>\n<p data-start=\"1849\" data-end=\"1928\">Prenez\u00a0<b><strong data-start=\"1856\" data-end=\"1867\">1 scoop<\/strong><\/b>\u00a0m\u00e9lang\u00e9 \u00e0\u00a0<b><strong data-start=\"1878\" data-end=\"1909\">250\u2013300 ml d\u2019eau ou de lait<\/strong><\/b>, de pr\u00e9f\u00e9rence :<\/p>\n<ul data-start=\"1929\" data-end=\"2024\">\n<li style=\"list-style-type: none;\">\n<ul data-start=\"1929\" data-end=\"2024\">\n<li data-start=\"1929\" data-end=\"1953\">Apr\u00e8s l\u2019entra\u00eenement<\/li>\n<\/ul>\n<\/li>\n<\/ul>\n<p>&nbsp;<\/p>\n<ul data-start=\"1929\" data-end=\"2024\">\n<li data-start=\"1954\" data-end=\"2024\">Ou \u00e0 tout moment de la journ\u00e9e pour compl\u00e9ter votre apport prot\u00e9ique<\/li>\n<\/ul>\n","protected":false},"excerpt":{"rendered":"<p>ISO-TROPIC MAX est une whey isolate de haute qualit\u00e9 avec 25g de prot\u00e9ines par portion, sans sucre ajout\u00e9 et seulement 110 calories. Savourez la d\u00e9licieuse saveur du chocolat de ce suppl\u00e9ment de Ronnie Coleman Signature Series, parfait pour la construction musculaire et la r\u00e9cup\u00e9ration rapide.<\/p>\n","protected":false},"featured_media":7140,"comment_status":"open","ping_status":"closed","template":"","meta":[],"product_cat":[50],"product_tag":[],"class_list":{"0":"post-7139","1":"product","2":"type-product","3":"status-publish","4":"has-post-thumbnail","6":"product_brand-ronnie-coleman","7":"product_cat-protein","9":"first","10":"instock","11":"sale","12":"shipping-taxable","13":"purchasable","14":"product-type-simple"},"yoast_head":"<!-- This site is optimized with the Yoast SEO plugin v25.2 - https:\/\/yoast.com\/wordpress\/plugins\/seo\/ -->\n<title>RC ISO-TROPIC MAX - MR MASS<\/title>\n<meta name=\"description\" content=\"ISO-TROPIC MAX est une whey isolate de haute qualit\u00e9 avec 25g de prot\u00e9ines par portion, sans sucre ajout\u00e9 et seulement 110 calories. Savourez la d\u00e9licieuse saveur du chocolat de ce suppl\u00e9ment de Ronnie Coleman Signature Series, parfait pour la construction musculaire et la r\u00e9cup\u00e9ration rapide.\" \/>\n<meta name=\"robots\" content=\"index, follow, max-snippet:-1, max-image-preview:large, max-video-preview:-1\" \/>\n<link rel=\"canonical\" href=\"https:\/\/mr-mass.com\/?product=rc-iso-tropic-max\" \/>\n<meta property=\"og:locale\" content=\"fr_FR\" \/>\n<meta property=\"og:type\" content=\"article\" \/>\n<meta property=\"og:title\" content=\"RC ISO-TROPIC MAX - MR MASS\" \/>\n<meta property=\"og:description\" content=\"ISO-TROPIC MAX est une whey isolate de haute qualit\u00e9 avec 25g de prot\u00e9ines par portion, sans sucre ajout\u00e9 et seulement 110 calories. Savourez la d\u00e9licieuse saveur du chocolat de ce suppl\u00e9ment de Ronnie Coleman Signature Series, parfait pour la construction musculaire et la r\u00e9cup\u00e9ration rapide.\" \/>\n<meta property=\"og:url\" content=\"https:\/\/mr-mass.com\/?product=rc-iso-tropic-max\" \/>\n<meta property=\"og:site_name\" content=\"MR MASS\" \/>\n<meta property=\"article:modified_time\" content=\"2026-01-17T16:59:42+00:00\" \/>\n<meta property=\"og:image\" content=\"https:\/\/mr-mass.com\/wp-content\/uploads\/2026\/01\/iso-tropic-max-premium-whey-isolate-protein-powder-e1768669155178.jpg\" \/>\n\t<meta property=\"og:image:width\" content=\"500\" \/>\n\t<meta property=\"og:image:height\" content=\"750\" \/>\n\t<meta property=\"og:image:type\" content=\"image\/jpeg\" \/>\n<meta name=\"twitter:card\" content=\"summary_large_image\" \/>\n<meta name=\"twitter:label1\" content=\"Dur\u00e9e de lecture estim\u00e9e\" \/>\n\t<meta name=\"twitter:data1\" content=\"2 minutes\" \/>\n<script type=\"application\/ld+json\" class=\"yoast-schema-graph\">{\"@context\":\"https:\/\/schema.org\",\"@graph\":[{\"@type\":\"WebPage\",\"@id\":\"https:\/\/mr-mass.com\/?product=rc-iso-tropic-max\",\"url\":\"https:\/\/mr-mass.com\/?product=rc-iso-tropic-max\",\"name\":\"RC ISO-TROPIC MAX - MR MASS\",\"isPartOf\":{\"@id\":\"https:\/\/mr-mass.com\/#website\"},\"primaryImageOfPage\":{\"@id\":\"https:\/\/mr-mass.com\/?product=rc-iso-tropic-max#primaryimage\"},\"image\":{\"@id\":\"https:\/\/mr-mass.com\/?product=rc-iso-tropic-max#primaryimage\"},\"thumbnailUrl\":\"https:\/\/mr-mass.com\/wp-content\/uploads\/2026\/01\/iso-tropic-max-premium-whey-isolate-protein-powder-e1768669155178.jpg\",\"datePublished\":\"2026-01-17T16:59:41+00:00\",\"dateModified\":\"2026-01-17T16:59:42+00:00\",\"description\":\"ISO-TROPIC MAX est une whey isolate de haute qualit\u00e9 avec 25g de prot\u00e9ines par portion, sans sucre ajout\u00e9 et seulement 110 calories. Savourez la d\u00e9licieuse saveur du chocolat de ce suppl\u00e9ment de Ronnie Coleman Signature Series, parfait pour la construction musculaire et la r\u00e9cup\u00e9ration rapide.\",\"breadcrumb\":{\"@id\":\"https:\/\/mr-mass.com\/?product=rc-iso-tropic-max#breadcrumb\"},\"inLanguage\":\"fr-FR\",\"potentialAction\":[{\"@type\":\"ReadAction\",\"target\":[\"https:\/\/mr-mass.com\/?product=rc-iso-tropic-max\"]}]},{\"@type\":\"ImageObject\",\"inLanguage\":\"fr-FR\",\"@id\":\"https:\/\/mr-mass.com\/?product=rc-iso-tropic-max#primaryimage\",\"url\":\"https:\/\/mr-mass.com\/wp-content\/uploads\/2026\/01\/iso-tropic-max-premium-whey-isolate-protein-powder-e1768669155178.jpg\",\"contentUrl\":\"https:\/\/mr-mass.com\/wp-content\/uploads\/2026\/01\/iso-tropic-max-premium-whey-isolate-protein-powder-e1768669155178.jpg\",\"width\":500,\"height\":750},{\"@type\":\"BreadcrumbList\",\"@id\":\"https:\/\/mr-mass.com\/?product=rc-iso-tropic-max#breadcrumb\",\"itemListElement\":[{\"@type\":\"ListItem\",\"position\":1,\"name\":\"Home\",\"item\":\"https:\/\/mr-mass.com\/\"},{\"@type\":\"ListItem\",\"position\":2,\"name\":\"Boutique\",\"item\":\"https:\/\/mr-mass.com\/?page_id=8\"},{\"@type\":\"ListItem\",\"position\":3,\"name\":\"RC ISO-TROPIC MAX\"}]},{\"@type\":\"WebSite\",\"@id\":\"https:\/\/mr-mass.com\/#website\",\"url\":\"https:\/\/mr-mass.com\/\",\"name\":\"MR MASS\",\"description\":\"\",\"publisher\":{\"@id\":\"https:\/\/mr-mass.com\/#organization\"},\"potentialAction\":[{\"@type\":\"SearchAction\",\"target\":{\"@type\":\"EntryPoint\",\"urlTemplate\":\"https:\/\/mr-mass.com\/?s={search_term_string}\"},\"query-input\":{\"@type\":\"PropertyValueSpecification\",\"valueRequired\":true,\"valueName\":\"search_term_string\"}}],\"inLanguage\":\"fr-FR\"},{\"@type\":\"Organization\",\"@id\":\"https:\/\/mr-mass.com\/#organization\",\"name\":\"MR MASS\",\"url\":\"https:\/\/mr-mass.com\/\",\"logo\":{\"@type\":\"ImageObject\",\"inLanguage\":\"fr-FR\",\"@id\":\"https:\/\/mr-mass.com\/#\/schema\/logo\/image\/\",\"url\":\"https:\/\/mr-mass.com\/wp-content\/uploads\/2025\/06\/cropped-417524477_413976367821865_6357673664813295189_n-removebg-preview.png\",\"contentUrl\":\"https:\/\/mr-mass.com\/wp-content\/uploads\/2025\/06\/cropped-417524477_413976367821865_6357673664813295189_n-removebg-preview.png\",\"width\":500,\"height\":436,\"caption\":\"MR MASS\"},\"image\":{\"@id\":\"https:\/\/mr-mass.com\/#\/schema\/logo\/image\/\"}}]}<\/script>\n<!-- \/ Yoast SEO plugin. -->","yoast_head_json":{"title":"RC ISO-TROPIC MAX - MR MASS","description":"ISO-TROPIC MAX est une whey isolate de haute qualit\u00e9 avec 25g de prot\u00e9ines par portion, sans sucre ajout\u00e9 et seulement 110 calories. Savourez la d\u00e9licieuse saveur du chocolat de ce suppl\u00e9ment de Ronnie Coleman Signature Series, parfait pour la construction musculaire et la r\u00e9cup\u00e9ration rapide.","robots":{"index":"index","follow":"follow","max-snippet":"max-snippet:-1","max-image-preview":"max-image-preview:large","max-video-preview":"max-video-preview:-1"},"canonical":"https:\/\/mr-mass.com\/?product=rc-iso-tropic-max","og_locale":"fr_FR","og_type":"article","og_title":"RC ISO-TROPIC MAX - MR MASS","og_description":"ISO-TROPIC MAX est une whey isolate de haute qualit\u00e9 avec 25g de prot\u00e9ines par portion, sans sucre ajout\u00e9 et seulement 110 calories. Savourez la d\u00e9licieuse saveur du chocolat de ce suppl\u00e9ment de Ronnie Coleman Signature Series, parfait pour la construction musculaire et la r\u00e9cup\u00e9ration rapide.","og_url":"https:\/\/mr-mass.com\/?product=rc-iso-tropic-max","og_site_name":"MR MASS","article_modified_time":"2026-01-17T16:59:42+00:00","og_image":[{"width":500,"height":750,"url":"https:\/\/mr-mass.com\/wp-content\/uploads\/2026\/01\/iso-tropic-max-premium-whey-isolate-protein-powder-e1768669155178.jpg","type":"image\/jpeg"}],"twitter_card":"summary_large_image","twitter_misc":{"Dur\u00e9e de lecture estim\u00e9e":"2 minutes"},"schema":{"@context":"https:\/\/schema.org","@graph":[{"@type":"WebPage","@id":"https:\/\/mr-mass.com\/?product=rc-iso-tropic-max","url":"https:\/\/mr-mass.com\/?product=rc-iso-tropic-max","name":"RC ISO-TROPIC MAX - MR MASS","isPartOf":{"@id":"https:\/\/mr-mass.com\/#website"},"primaryImageOfPage":{"@id":"https:\/\/mr-mass.com\/?product=rc-iso-tropic-max#primaryimage"},"image":{"@id":"https:\/\/mr-mass.com\/?product=rc-iso-tropic-max#primaryimage"},"thumbnailUrl":"https:\/\/mr-mass.com\/wp-content\/uploads\/2026\/01\/iso-tropic-max-premium-whey-isolate-protein-powder-e1768669155178.jpg","datePublished":"2026-01-17T16:59:41+00:00","dateModified":"2026-01-17T16:59:42+00:00","description":"ISO-TROPIC MAX est une whey isolate de haute qualit\u00e9 avec 25g de prot\u00e9ines par portion, sans sucre ajout\u00e9 et seulement 110 calories. Savourez la d\u00e9licieuse saveur du chocolat de ce suppl\u00e9ment de Ronnie Coleman Signature Series, parfait pour la construction musculaire et la r\u00e9cup\u00e9ration rapide.","breadcrumb":{"@id":"https:\/\/mr-mass.com\/?product=rc-iso-tropic-max#breadcrumb"},"inLanguage":"fr-FR","potentialAction":[{"@type":"ReadAction","target":["https:\/\/mr-mass.com\/?product=rc-iso-tropic-max"]}]},{"@type":"ImageObject","inLanguage":"fr-FR","@id":"https:\/\/mr-mass.com\/?product=rc-iso-tropic-max#primaryimage","url":"https:\/\/mr-mass.com\/wp-content\/uploads\/2026\/01\/iso-tropic-max-premium-whey-isolate-protein-powder-e1768669155178.jpg","contentUrl":"https:\/\/mr-mass.com\/wp-content\/uploads\/2026\/01\/iso-tropic-max-premium-whey-isolate-protein-powder-e1768669155178.jpg","width":500,"height":750},{"@type":"BreadcrumbList","@id":"https:\/\/mr-mass.com\/?product=rc-iso-tropic-max#breadcrumb","itemListElement":[{"@type":"ListItem","position":1,"name":"Home","item":"https:\/\/mr-mass.com\/"},{"@type":"ListItem","position":2,"name":"Boutique","item":"https:\/\/mr-mass.com\/?page_id=8"},{"@type":"ListItem","position":3,"name":"RC ISO-TROPIC MAX"}]},{"@type":"WebSite","@id":"https:\/\/mr-mass.com\/#website","url":"https:\/\/mr-mass.com\/","name":"MR MASS","description":"","publisher":{"@id":"https:\/\/mr-mass.com\/#organization"},"potentialAction":[{"@type":"SearchAction","target":{"@type":"EntryPoint","urlTemplate":"https:\/\/mr-mass.com\/?s={search_term_string}"},"query-input":{"@type":"PropertyValueSpecification","valueRequired":true,"valueName":"search_term_string"}}],"inLanguage":"fr-FR"},{"@type":"Organization","@id":"https:\/\/mr-mass.com\/#organization","name":"MR MASS","url":"https:\/\/mr-mass.com\/","logo":{"@type":"ImageObject","inLanguage":"fr-FR","@id":"https:\/\/mr-mass.com\/#\/schema\/logo\/image\/","url":"https:\/\/mr-mass.com\/wp-content\/uploads\/2025\/06\/cropped-417524477_413976367821865_6357673664813295189_n-removebg-preview.png","contentUrl":"https:\/\/mr-mass.com\/wp-content\/uploads\/2025\/06\/cropped-417524477_413976367821865_6357673664813295189_n-removebg-preview.png","width":500,"height":436,"caption":"MR MASS"},"image":{"@id":"https:\/\/mr-mass.com\/#\/schema\/logo\/image\/"}}]}},"jetpack_sharing_enabled":true,"_links":{"self":[{"href":"https:\/\/mr-mass.com\/index.php?rest_route=\/wp\/v2\/product\/7139","targetHints":{"allow":["GET"]}}],"collection":[{"href":"https:\/\/mr-mass.com\/index.php?rest_route=\/wp\/v2\/product"}],"about":[{"href":"https:\/\/mr-mass.com\/index.php?rest_route=\/wp\/v2\/types\/product"}],"replies":[{"embeddable":true,"href":"https:\/\/mr-mass.com\/index.php?rest_route=%2Fwp%2Fv2%2Fcomments&post=7139"}],"wp:featuredmedia":[{"embeddable":true,"href":"https:\/\/mr-mass.com\/index.php?rest_route=\/wp\/v2\/media\/7140"}],"wp:attachment":[{"href":"https:\/\/mr-mass.com\/index.php?rest_route=%2Fwp%2Fv2%2Fmedia&parent=7139"}],"wp:term":[{"taxonomy":"product_cat","embeddable":true,"href":"https:\/\/mr-mass.com\/index.php?rest_route=%2Fwp%2Fv2%2Fproduct_cat&post=7139"},{"taxonomy":"product_tag","embeddable":true,"href":"https:\/\/mr-mass.com\/index.php?rest_route=%2Fwp%2Fv2%2Fproduct_tag&post=7139"}],"curies":[{"name":"wp","href":"https:\/\/api.w.org\/{rel}","templated":true}]}}