{"id":7148,"date":"2026-01-17T18:22:27","date_gmt":"2026-01-17T17:22:27","guid":{"rendered":"https:\/\/mr-mass.com\/?post_type=product&#038;p=7148"},"modified":"2026-01-17T18:22:28","modified_gmt":"2026-01-17T17:22:28","slug":"glutamine-biotech-usa-240gr","status":"publish","type":"product","link":"https:\/\/mr-mass.com\/?product=glutamine-biotech-usa-240gr","title":{"rendered":"GLUTAMINE BIOTECH USA 240GR"},"content":{"rendered":"<h6>100% L-Glutamine \u2013 BioTechUSA<\/h6>\n<h6><\/h6>\n<h6>\n<span data-start=\"198\" data-end=\"260\"><b>Glutamine pure pour r\u00e9cup\u00e9ration et performance musculaire<\/b><\/span><\/h6>\n<h6><strong data-start=\"198\" data-end=\"260\"><br \/>\n<\/strong>100% L-Glutamine de BioTechUSA est un compl\u00e9ment en poudre apportant 5\u202fg de L-glutamine par dose. Formul\u00e9 sans gluten, sans lactose, sans sucre et sans parfum, il convient aux culturistes et aux athl\u00e8tes souhaitant soutenir la r\u00e9cup\u00e9ration musculaire et l\u2019endurance lors d\u2019entra\u00eenements intensifs<\/h6>\n<h6>\nComposants (par dose de 5\u202fg)<\/h6>\n<h6><\/h6>\n<h6>\nL-Glutamine 5\u202fg<br \/>\nSans autres ingr\u00e9dients ajout\u00e9s<\/h6>\n<h6>\nMode d\u2019utilisation<\/h6>\n<h6><\/h6>\n<h6>\nM\u00e9langer\u00a0<strong data-start=\"696\" data-end=\"713\">5\u202fg de poudre<\/strong>\u00a0dans 100\u202fml d\u2019eau ou de jus de fruit<br \/>\nPrendre\u00a0<strong data-start=\"761\" data-end=\"794\">avant et apr\u00e8s l\u2019entra\u00eenement<\/strong><\/h6>\n","protected":false},"excerpt":{"rendered":"<p>100% L-Glutamine Biotech \u2013 5g par dose, favorise r\u00e9cup\u00e9ration musculaire, pr\u00e9serve masse maigre, r\u00e9duit fatigue et am\u00e9liore endurance.<\/p>\n","protected":false},"featured_media":7149,"comment_status":"open","ping_status":"closed","template":"","meta":[],"product_cat":[78],"product_tag":[],"class_list":{"0":"post-7148","1":"product","2":"type-product","3":"status-publish","4":"has-post-thumbnail","6":"product_brand-biotech-usa","7":"product_cat-acide-amine","9":"first","10":"instock","11":"shipping-taxable","12":"purchasable","13":"product-type-simple"},"yoast_head":"<!-- This site is optimized with the Yoast SEO plugin v25.2 - https:\/\/yoast.com\/wordpress\/plugins\/seo\/ -->\n<title>GLUTAMINE BIOTECH USA 240GR - MR MASS<\/title>\n<meta name=\"description\" content=\"100% L-Glutamine Biotech \u2013 5g par dose, favorise r\u00e9cup\u00e9ration musculaire, pr\u00e9serve masse maigre, r\u00e9duit fatigue et am\u00e9liore endurance.\" \/>\n<meta name=\"robots\" content=\"index, follow, max-snippet:-1, max-image-preview:large, max-video-preview:-1\" \/>\n<link rel=\"canonical\" href=\"https:\/\/mr-mass.com\/?product=glutamine-biotech-usa-240gr\" \/>\n<meta property=\"og:locale\" content=\"fr_FR\" \/>\n<meta property=\"og:type\" content=\"article\" \/>\n<meta property=\"og:title\" content=\"GLUTAMINE BIOTECH USA 240GR - MR MASS\" \/>\n<meta property=\"og:description\" content=\"100% L-Glutamine Biotech \u2013 5g par dose, favorise r\u00e9cup\u00e9ration musculaire, pr\u00e9serve masse maigre, r\u00e9duit fatigue et am\u00e9liore endurance.\" \/>\n<meta property=\"og:url\" content=\"https:\/\/mr-mass.com\/?product=glutamine-biotech-usa-240gr\" \/>\n<meta property=\"og:site_name\" content=\"MR MASS\" \/>\n<meta property=\"article:modified_time\" content=\"2026-01-17T17:22:28+00:00\" \/>\n<meta property=\"og:image\" content=\"https:\/\/mr-mass.com\/wp-content\/uploads\/2026\/01\/l-gluta.webp-68f3cc53c1e9a-e1768670515379.webp\" \/>\n\t<meta property=\"og:image:width\" content=\"500\" \/>\n\t<meta property=\"og:image:height\" content=\"500\" \/>\n\t<meta property=\"og:image:type\" content=\"image\/webp\" \/>\n<meta name=\"twitter:card\" content=\"summary_large_image\" \/>\n<meta name=\"twitter:label1\" content=\"Dur\u00e9e de lecture estim\u00e9e\" \/>\n\t<meta name=\"twitter:data1\" content=\"1 minute\" \/>\n<script type=\"application\/ld+json\" class=\"yoast-schema-graph\">{\"@context\":\"https:\/\/schema.org\",\"@graph\":[{\"@type\":\"WebPage\",\"@id\":\"https:\/\/mr-mass.com\/?product=glutamine-biotech-usa-240gr\",\"url\":\"https:\/\/mr-mass.com\/?product=glutamine-biotech-usa-240gr\",\"name\":\"GLUTAMINE BIOTECH USA 240GR - MR MASS\",\"isPartOf\":{\"@id\":\"https:\/\/mr-mass.com\/#website\"},\"primaryImageOfPage\":{\"@id\":\"https:\/\/mr-mass.com\/?product=glutamine-biotech-usa-240gr#primaryimage\"},\"image\":{\"@id\":\"https:\/\/mr-mass.com\/?product=glutamine-biotech-usa-240gr#primaryimage\"},\"thumbnailUrl\":\"https:\/\/mr-mass.com\/wp-content\/uploads\/2026\/01\/l-gluta.webp-68f3cc53c1e9a-e1768670515379.webp\",\"datePublished\":\"2026-01-17T17:22:27+00:00\",\"dateModified\":\"2026-01-17T17:22:28+00:00\",\"description\":\"100% L-Glutamine Biotech \u2013 5g par dose, favorise r\u00e9cup\u00e9ration musculaire, pr\u00e9serve masse maigre, r\u00e9duit fatigue et am\u00e9liore endurance.\",\"breadcrumb\":{\"@id\":\"https:\/\/mr-mass.com\/?product=glutamine-biotech-usa-240gr#breadcrumb\"},\"inLanguage\":\"fr-FR\",\"potentialAction\":[{\"@type\":\"ReadAction\",\"target\":[\"https:\/\/mr-mass.com\/?product=glutamine-biotech-usa-240gr\"]}]},{\"@type\":\"ImageObject\",\"inLanguage\":\"fr-FR\",\"@id\":\"https:\/\/mr-mass.com\/?product=glutamine-biotech-usa-240gr#primaryimage\",\"url\":\"https:\/\/mr-mass.com\/wp-content\/uploads\/2026\/01\/l-gluta.webp-68f3cc53c1e9a-e1768670515379.webp\",\"contentUrl\":\"https:\/\/mr-mass.com\/wp-content\/uploads\/2026\/01\/l-gluta.webp-68f3cc53c1e9a-e1768670515379.webp\",\"width\":500,\"height\":500},{\"@type\":\"BreadcrumbList\",\"@id\":\"https:\/\/mr-mass.com\/?product=glutamine-biotech-usa-240gr#breadcrumb\",\"itemListElement\":[{\"@type\":\"ListItem\",\"position\":1,\"name\":\"Home\",\"item\":\"https:\/\/mr-mass.com\/\"},{\"@type\":\"ListItem\",\"position\":2,\"name\":\"Boutique\",\"item\":\"https:\/\/mr-mass.com\/?page_id=8\"},{\"@type\":\"ListItem\",\"position\":3,\"name\":\"GLUTAMINE BIOTECH USA 240GR\"}]},{\"@type\":\"WebSite\",\"@id\":\"https:\/\/mr-mass.com\/#website\",\"url\":\"https:\/\/mr-mass.com\/\",\"name\":\"MR MASS\",\"description\":\"\",\"publisher\":{\"@id\":\"https:\/\/mr-mass.com\/#organization\"},\"potentialAction\":[{\"@type\":\"SearchAction\",\"target\":{\"@type\":\"EntryPoint\",\"urlTemplate\":\"https:\/\/mr-mass.com\/?s={search_term_string}\"},\"query-input\":{\"@type\":\"PropertyValueSpecification\",\"valueRequired\":true,\"valueName\":\"search_term_string\"}}],\"inLanguage\":\"fr-FR\"},{\"@type\":\"Organization\",\"@id\":\"https:\/\/mr-mass.com\/#organization\",\"name\":\"MR MASS\",\"url\":\"https:\/\/mr-mass.com\/\",\"logo\":{\"@type\":\"ImageObject\",\"inLanguage\":\"fr-FR\",\"@id\":\"https:\/\/mr-mass.com\/#\/schema\/logo\/image\/\",\"url\":\"https:\/\/mr-mass.com\/wp-content\/uploads\/2025\/06\/cropped-417524477_413976367821865_6357673664813295189_n-removebg-preview.png\",\"contentUrl\":\"https:\/\/mr-mass.com\/wp-content\/uploads\/2025\/06\/cropped-417524477_413976367821865_6357673664813295189_n-removebg-preview.png\",\"width\":500,\"height\":436,\"caption\":\"MR MASS\"},\"image\":{\"@id\":\"https:\/\/mr-mass.com\/#\/schema\/logo\/image\/\"}}]}<\/script>\n<!-- \/ Yoast SEO plugin. -->","yoast_head_json":{"title":"GLUTAMINE BIOTECH USA 240GR - MR MASS","description":"100% L-Glutamine Biotech \u2013 5g par dose, favorise r\u00e9cup\u00e9ration musculaire, pr\u00e9serve masse maigre, r\u00e9duit fatigue et am\u00e9liore endurance.","robots":{"index":"index","follow":"follow","max-snippet":"max-snippet:-1","max-image-preview":"max-image-preview:large","max-video-preview":"max-video-preview:-1"},"canonical":"https:\/\/mr-mass.com\/?product=glutamine-biotech-usa-240gr","og_locale":"fr_FR","og_type":"article","og_title":"GLUTAMINE BIOTECH USA 240GR - MR MASS","og_description":"100% L-Glutamine Biotech \u2013 5g par dose, favorise r\u00e9cup\u00e9ration musculaire, pr\u00e9serve masse maigre, r\u00e9duit fatigue et am\u00e9liore endurance.","og_url":"https:\/\/mr-mass.com\/?product=glutamine-biotech-usa-240gr","og_site_name":"MR MASS","article_modified_time":"2026-01-17T17:22:28+00:00","og_image":[{"width":500,"height":500,"url":"https:\/\/mr-mass.com\/wp-content\/uploads\/2026\/01\/l-gluta.webp-68f3cc53c1e9a-e1768670515379.webp","type":"image\/webp"}],"twitter_card":"summary_large_image","twitter_misc":{"Dur\u00e9e de lecture estim\u00e9e":"1 minute"},"schema":{"@context":"https:\/\/schema.org","@graph":[{"@type":"WebPage","@id":"https:\/\/mr-mass.com\/?product=glutamine-biotech-usa-240gr","url":"https:\/\/mr-mass.com\/?product=glutamine-biotech-usa-240gr","name":"GLUTAMINE BIOTECH USA 240GR - MR MASS","isPartOf":{"@id":"https:\/\/mr-mass.com\/#website"},"primaryImageOfPage":{"@id":"https:\/\/mr-mass.com\/?product=glutamine-biotech-usa-240gr#primaryimage"},"image":{"@id":"https:\/\/mr-mass.com\/?product=glutamine-biotech-usa-240gr#primaryimage"},"thumbnailUrl":"https:\/\/mr-mass.com\/wp-content\/uploads\/2026\/01\/l-gluta.webp-68f3cc53c1e9a-e1768670515379.webp","datePublished":"2026-01-17T17:22:27+00:00","dateModified":"2026-01-17T17:22:28+00:00","description":"100% L-Glutamine Biotech \u2013 5g par dose, favorise r\u00e9cup\u00e9ration musculaire, pr\u00e9serve masse maigre, r\u00e9duit fatigue et am\u00e9liore endurance.","breadcrumb":{"@id":"https:\/\/mr-mass.com\/?product=glutamine-biotech-usa-240gr#breadcrumb"},"inLanguage":"fr-FR","potentialAction":[{"@type":"ReadAction","target":["https:\/\/mr-mass.com\/?product=glutamine-biotech-usa-240gr"]}]},{"@type":"ImageObject","inLanguage":"fr-FR","@id":"https:\/\/mr-mass.com\/?product=glutamine-biotech-usa-240gr#primaryimage","url":"https:\/\/mr-mass.com\/wp-content\/uploads\/2026\/01\/l-gluta.webp-68f3cc53c1e9a-e1768670515379.webp","contentUrl":"https:\/\/mr-mass.com\/wp-content\/uploads\/2026\/01\/l-gluta.webp-68f3cc53c1e9a-e1768670515379.webp","width":500,"height":500},{"@type":"BreadcrumbList","@id":"https:\/\/mr-mass.com\/?product=glutamine-biotech-usa-240gr#breadcrumb","itemListElement":[{"@type":"ListItem","position":1,"name":"Home","item":"https:\/\/mr-mass.com\/"},{"@type":"ListItem","position":2,"name":"Boutique","item":"https:\/\/mr-mass.com\/?page_id=8"},{"@type":"ListItem","position":3,"name":"GLUTAMINE BIOTECH USA 240GR"}]},{"@type":"WebSite","@id":"https:\/\/mr-mass.com\/#website","url":"https:\/\/mr-mass.com\/","name":"MR MASS","description":"","publisher":{"@id":"https:\/\/mr-mass.com\/#organization"},"potentialAction":[{"@type":"SearchAction","target":{"@type":"EntryPoint","urlTemplate":"https:\/\/mr-mass.com\/?s={search_term_string}"},"query-input":{"@type":"PropertyValueSpecification","valueRequired":true,"valueName":"search_term_string"}}],"inLanguage":"fr-FR"},{"@type":"Organization","@id":"https:\/\/mr-mass.com\/#organization","name":"MR MASS","url":"https:\/\/mr-mass.com\/","logo":{"@type":"ImageObject","inLanguage":"fr-FR","@id":"https:\/\/mr-mass.com\/#\/schema\/logo\/image\/","url":"https:\/\/mr-mass.com\/wp-content\/uploads\/2025\/06\/cropped-417524477_413976367821865_6357673664813295189_n-removebg-preview.png","contentUrl":"https:\/\/mr-mass.com\/wp-content\/uploads\/2025\/06\/cropped-417524477_413976367821865_6357673664813295189_n-removebg-preview.png","width":500,"height":436,"caption":"MR MASS"},"image":{"@id":"https:\/\/mr-mass.com\/#\/schema\/logo\/image\/"}}]}},"jetpack_sharing_enabled":true,"_links":{"self":[{"href":"https:\/\/mr-mass.com\/index.php?rest_route=\/wp\/v2\/product\/7148","targetHints":{"allow":["GET"]}}],"collection":[{"href":"https:\/\/mr-mass.com\/index.php?rest_route=\/wp\/v2\/product"}],"about":[{"href":"https:\/\/mr-mass.com\/index.php?rest_route=\/wp\/v2\/types\/product"}],"replies":[{"embeddable":true,"href":"https:\/\/mr-mass.com\/index.php?rest_route=%2Fwp%2Fv2%2Fcomments&post=7148"}],"wp:featuredmedia":[{"embeddable":true,"href":"https:\/\/mr-mass.com\/index.php?rest_route=\/wp\/v2\/media\/7149"}],"wp:attachment":[{"href":"https:\/\/mr-mass.com\/index.php?rest_route=%2Fwp%2Fv2%2Fmedia&parent=7148"}],"wp:term":[{"taxonomy":"product_cat","embeddable":true,"href":"https:\/\/mr-mass.com\/index.php?rest_route=%2Fwp%2Fv2%2Fproduct_cat&post=7148"},{"taxonomy":"product_tag","embeddable":true,"href":"https:\/\/mr-mass.com\/index.php?rest_route=%2Fwp%2Fv2%2Fproduct_tag&post=7148"}],"curies":[{"name":"wp","href":"https:\/\/api.w.org\/{rel}","templated":true}]}}