{"id":7155,"date":"2026-01-21T15:05:25","date_gmt":"2026-01-21T14:05:25","guid":{"rendered":"https:\/\/mr-mass.com\/?post_type=product&#038;p=7155"},"modified":"2026-01-21T15:06:28","modified_gmt":"2026-01-21T14:06:28","slug":"beef-protein-2kg-yava-labs","status":"publish","type":"product","link":"https:\/\/mr-mass.com\/?product=beef-protein-2kg-yava-labs","title":{"rendered":"BEEF PROTEIN 2KG YAVA LABS"},"content":{"rendered":"<p data-start=\"222\" data-end=\"499\"><strong data-start=\"222\" data-end=\"256\">Yava Labs Premium Beef Protein<\/strong>\u00a0fournit\u00a0<strong data-start=\"265\" data-end=\"306\">25,8 g de prot\u00e9ine de b\u0153uf hydrolys\u00e9e<\/strong>\u00a0par portion, issue de\u00a0<strong data-start=\"329\" data-end=\"346\">b\u0153uf 100% pur<\/strong>. Sans\u00a0<strong data-start=\"353\" data-end=\"385\">graisses, sucres ni glucides<\/strong>, c\u2019est le choix id\u00e9al pour\u00a0<strong data-start=\"413\" data-end=\"455\">d\u00e9velopper une masse musculaire maigre<\/strong>\u00a0et favoriser une\u00a0<strong data-start=\"473\" data-end=\"496\">r\u00e9cup\u00e9ration rapide<\/strong>.<\/p>\n<p data-start=\"501\" data-end=\"535\">Chaque dose contient \u00e9galement :<\/p>\n<ul data-start=\"536\" data-end=\"627\">\n<li data-start=\"536\" data-end=\"580\">\n<p data-start=\"538\" data-end=\"580\"><strong data-start=\"538\" data-end=\"578\">Acides amin\u00e9s naturellement pr\u00e9sents<\/strong><\/p>\n<\/li>\n<li data-start=\"581\" data-end=\"601\">\n<p data-start=\"583\" data-end=\"601\"><strong data-start=\"583\" data-end=\"599\">BCAA : 3,7 g<\/strong><\/p>\n<\/li>\n<li data-start=\"602\" data-end=\"627\">\n<p data-start=\"604\" data-end=\"627\"><strong data-start=\"604\" data-end=\"625\">Glutamine : 2,6 g<\/strong><\/p>\n<\/li>\n<\/ul>\n<p data-start=\"629\" data-end=\"762\">Disponible en saveurs audacieuses et rafra\u00eechissantes :<strong data-start=\"685\" data-end=\"761\">\u00a0Cola et Golden Pineapple<\/strong>.<\/p>\n<h4><strong data-start=\"773\" data-end=\"799\">Conseils d\u2019utilisation<\/strong><\/h4>\n<ul data-start=\"800\" data-end=\"997\">\n<li data-start=\"800\" data-end=\"874\">\n<p data-start=\"802\" data-end=\"874\">M\u00e9langer\u00a0<strong data-start=\"811\" data-end=\"828\">1 dose (30 g)<\/strong>\u00a0avec\u00a0<strong data-start=\"834\" data-end=\"872\">200\u2013300 ml d\u2019eau froide ou de lait<\/strong><\/p>\n<\/li>\n<li data-start=\"875\" data-end=\"997\">\n<p data-start=\"877\" data-end=\"997\">Bien secouer et consommer\u00a0<strong data-start=\"903\" data-end=\"927\">apr\u00e8s l\u2019entra\u00eenement<\/strong>\u00a0ou\u00a0<strong data-start=\"931\" data-end=\"957\">au cours de la journ\u00e9e<\/strong>\u00a0pour compl\u00e9ter vos besoins en prot\u00e9ines<\/p>\n<\/li>\n<\/ul>\n<h4><strong data-start=\"1008\" data-end=\"1023\">Pr\u00e9cautions<\/strong><\/h4>\n<ul data-start=\"1024\" data-end=\"1235\">\n<li data-start=\"1024\" data-end=\"1079\">\n<p data-start=\"1026\" data-end=\"1079\">Ne pas d\u00e9passer la\u00a0<strong data-start=\"1045\" data-end=\"1077\">dose quotidienne recommand\u00e9e<\/strong><\/p>\n<\/li>\n<li data-start=\"1080\" data-end=\"1148\">\n<p data-start=\"1082\" data-end=\"1148\">Ne convient pas aux\u00a0<strong data-start=\"1102\" data-end=\"1146\">enfants, femmes enceintes ou allaitantes<\/strong><\/p>\n<\/li>\n<li data-start=\"1149\" data-end=\"1235\">\n<p data-start=\"1151\" data-end=\"1235\">Consultez un\u00a0<strong data-start=\"1164\" data-end=\"1175\">m\u00e9decin<\/strong>\u00a0en cas de traitement m\u00e9dical ou de conditions particuli\u00e8res<\/p>\n<\/li>\n<\/ul>\n<h4><strong data-start=\"1246\" data-end=\"1262\">Conservation<\/strong><\/h4>\n<ul data-start=\"1263\" data-end=\"1410\">\n<li data-start=\"1263\" data-end=\"1317\">\n<p data-start=\"1265\" data-end=\"1317\">Conserver dans un\u00a0<strong data-start=\"1283\" data-end=\"1315\">endroit sec et frais (&lt;25\u00b0C)<\/strong><\/p>\n<\/li>\n<li data-start=\"1318\" data-end=\"1410\">\n<p data-start=\"1320\" data-end=\"1410\">Garder le\u00a0<strong data-start=\"1330\" data-end=\"1354\">contenant bien ferm\u00e9<\/strong>, \u00e0 l\u2019abri de la chaleur, de la lumi\u00e8re et de l\u2019humidit\u00e9<\/p>\n<\/li>\n<\/ul>\n","protected":false},"excerpt":{"rendered":"<p>Premium Beef Protein : 25,8 g de prot\u00e9ine pure pour muscle et r\u00e9cup\u00e9ration, sans gras, sucre ni glucides.<\/p>\n","protected":false},"featured_media":7156,"comment_status":"open","ping_status":"closed","template":"","meta":[],"product_cat":[50],"product_tag":[],"class_list":{"0":"post-7155","1":"product","2":"type-product","3":"status-publish","4":"has-post-thumbnail","6":"product_brand-yava-labs","7":"product_cat-protein","9":"first","10":"instock","11":"shipping-taxable","12":"purchasable","13":"product-type-simple"},"yoast_head":"<!-- This site is optimized with the Yoast SEO plugin v25.2 - https:\/\/yoast.com\/wordpress\/plugins\/seo\/ -->\n<title>BEEF PROTEIN 2KG YAVA LABS - MR MASS<\/title>\n<meta name=\"description\" content=\"Premium Beef Protein : 25,8 g de prot\u00e9ine pure pour muscle et r\u00e9cup\u00e9ration, sans gras, sucre ni glucides.\" \/>\n<meta name=\"robots\" content=\"index, follow, max-snippet:-1, max-image-preview:large, max-video-preview:-1\" \/>\n<link rel=\"canonical\" href=\"https:\/\/mr-mass.com\/?product=beef-protein-2kg-yava-labs\" \/>\n<meta property=\"og:locale\" content=\"fr_FR\" \/>\n<meta property=\"og:type\" content=\"article\" \/>\n<meta property=\"og:title\" content=\"BEEF PROTEIN 2KG YAVA LABS - MR MASS\" \/>\n<meta property=\"og:description\" content=\"Premium Beef Protein : 25,8 g de prot\u00e9ine pure pour muscle et r\u00e9cup\u00e9ration, sans gras, sucre ni glucides.\" \/>\n<meta property=\"og:url\" content=\"https:\/\/mr-mass.com\/?product=beef-protein-2kg-yava-labs\" \/>\n<meta property=\"og:site_name\" content=\"MR MASS\" \/>\n<meta property=\"article:modified_time\" content=\"2026-01-21T14:06:28+00:00\" \/>\n<meta property=\"og:image\" content=\"https:\/\/mr-mass.com\/wp-content\/uploads\/2026\/01\/premimum.webp-694fc9d9efb1e-e1769004361639.webp\" \/>\n\t<meta property=\"og:image:width\" content=\"500\" \/>\n\t<meta property=\"og:image:height\" content=\"500\" \/>\n\t<meta property=\"og:image:type\" content=\"image\/webp\" \/>\n<meta name=\"twitter:card\" content=\"summary_large_image\" \/>\n<meta name=\"twitter:label1\" content=\"Dur\u00e9e de lecture estim\u00e9e\" \/>\n\t<meta name=\"twitter:data1\" content=\"1 minute\" \/>\n<script type=\"application\/ld+json\" class=\"yoast-schema-graph\">{\"@context\":\"https:\/\/schema.org\",\"@graph\":[{\"@type\":\"WebPage\",\"@id\":\"https:\/\/mr-mass.com\/?product=beef-protein-2kg-yava-labs\",\"url\":\"https:\/\/mr-mass.com\/?product=beef-protein-2kg-yava-labs\",\"name\":\"BEEF PROTEIN 2KG YAVA LABS - MR MASS\",\"isPartOf\":{\"@id\":\"https:\/\/mr-mass.com\/#website\"},\"primaryImageOfPage\":{\"@id\":\"https:\/\/mr-mass.com\/?product=beef-protein-2kg-yava-labs#primaryimage\"},\"image\":{\"@id\":\"https:\/\/mr-mass.com\/?product=beef-protein-2kg-yava-labs#primaryimage\"},\"thumbnailUrl\":\"https:\/\/mr-mass.com\/wp-content\/uploads\/2026\/01\/premimum.webp-694fc9d9efb1e-e1769004361639.webp\",\"datePublished\":\"2026-01-21T14:05:25+00:00\",\"dateModified\":\"2026-01-21T14:06:28+00:00\",\"description\":\"Premium Beef Protein : 25,8 g de prot\u00e9ine pure pour muscle et r\u00e9cup\u00e9ration, sans gras, sucre ni glucides.\",\"breadcrumb\":{\"@id\":\"https:\/\/mr-mass.com\/?product=beef-protein-2kg-yava-labs#breadcrumb\"},\"inLanguage\":\"fr-FR\",\"potentialAction\":[{\"@type\":\"ReadAction\",\"target\":[\"https:\/\/mr-mass.com\/?product=beef-protein-2kg-yava-labs\"]}]},{\"@type\":\"ImageObject\",\"inLanguage\":\"fr-FR\",\"@id\":\"https:\/\/mr-mass.com\/?product=beef-protein-2kg-yava-labs#primaryimage\",\"url\":\"https:\/\/mr-mass.com\/wp-content\/uploads\/2026\/01\/premimum.webp-694fc9d9efb1e-e1769004361639.webp\",\"contentUrl\":\"https:\/\/mr-mass.com\/wp-content\/uploads\/2026\/01\/premimum.webp-694fc9d9efb1e-e1769004361639.webp\",\"width\":500,\"height\":500},{\"@type\":\"BreadcrumbList\",\"@id\":\"https:\/\/mr-mass.com\/?product=beef-protein-2kg-yava-labs#breadcrumb\",\"itemListElement\":[{\"@type\":\"ListItem\",\"position\":1,\"name\":\"Home\",\"item\":\"https:\/\/mr-mass.com\/\"},{\"@type\":\"ListItem\",\"position\":2,\"name\":\"Boutique\",\"item\":\"https:\/\/mr-mass.com\/?page_id=8\"},{\"@type\":\"ListItem\",\"position\":3,\"name\":\"BEEF PROTEIN 2KG YAVA LABS\"}]},{\"@type\":\"WebSite\",\"@id\":\"https:\/\/mr-mass.com\/#website\",\"url\":\"https:\/\/mr-mass.com\/\",\"name\":\"MR MASS\",\"description\":\"\",\"publisher\":{\"@id\":\"https:\/\/mr-mass.com\/#organization\"},\"potentialAction\":[{\"@type\":\"SearchAction\",\"target\":{\"@type\":\"EntryPoint\",\"urlTemplate\":\"https:\/\/mr-mass.com\/?s={search_term_string}\"},\"query-input\":{\"@type\":\"PropertyValueSpecification\",\"valueRequired\":true,\"valueName\":\"search_term_string\"}}],\"inLanguage\":\"fr-FR\"},{\"@type\":\"Organization\",\"@id\":\"https:\/\/mr-mass.com\/#organization\",\"name\":\"MR MASS\",\"url\":\"https:\/\/mr-mass.com\/\",\"logo\":{\"@type\":\"ImageObject\",\"inLanguage\":\"fr-FR\",\"@id\":\"https:\/\/mr-mass.com\/#\/schema\/logo\/image\/\",\"url\":\"https:\/\/mr-mass.com\/wp-content\/uploads\/2025\/06\/cropped-417524477_413976367821865_6357673664813295189_n-removebg-preview.png\",\"contentUrl\":\"https:\/\/mr-mass.com\/wp-content\/uploads\/2025\/06\/cropped-417524477_413976367821865_6357673664813295189_n-removebg-preview.png\",\"width\":500,\"height\":436,\"caption\":\"MR MASS\"},\"image\":{\"@id\":\"https:\/\/mr-mass.com\/#\/schema\/logo\/image\/\"}}]}<\/script>\n<!-- \/ Yoast SEO plugin. -->","yoast_head_json":{"title":"BEEF PROTEIN 2KG YAVA LABS - MR MASS","description":"Premium Beef Protein : 25,8 g de prot\u00e9ine pure pour muscle et r\u00e9cup\u00e9ration, sans gras, sucre ni glucides.","robots":{"index":"index","follow":"follow","max-snippet":"max-snippet:-1","max-image-preview":"max-image-preview:large","max-video-preview":"max-video-preview:-1"},"canonical":"https:\/\/mr-mass.com\/?product=beef-protein-2kg-yava-labs","og_locale":"fr_FR","og_type":"article","og_title":"BEEF PROTEIN 2KG YAVA LABS - MR MASS","og_description":"Premium Beef Protein : 25,8 g de prot\u00e9ine pure pour muscle et r\u00e9cup\u00e9ration, sans gras, sucre ni glucides.","og_url":"https:\/\/mr-mass.com\/?product=beef-protein-2kg-yava-labs","og_site_name":"MR MASS","article_modified_time":"2026-01-21T14:06:28+00:00","og_image":[{"width":500,"height":500,"url":"https:\/\/mr-mass.com\/wp-content\/uploads\/2026\/01\/premimum.webp-694fc9d9efb1e-e1769004361639.webp","type":"image\/webp"}],"twitter_card":"summary_large_image","twitter_misc":{"Dur\u00e9e de lecture estim\u00e9e":"1 minute"},"schema":{"@context":"https:\/\/schema.org","@graph":[{"@type":"WebPage","@id":"https:\/\/mr-mass.com\/?product=beef-protein-2kg-yava-labs","url":"https:\/\/mr-mass.com\/?product=beef-protein-2kg-yava-labs","name":"BEEF PROTEIN 2KG YAVA LABS - MR MASS","isPartOf":{"@id":"https:\/\/mr-mass.com\/#website"},"primaryImageOfPage":{"@id":"https:\/\/mr-mass.com\/?product=beef-protein-2kg-yava-labs#primaryimage"},"image":{"@id":"https:\/\/mr-mass.com\/?product=beef-protein-2kg-yava-labs#primaryimage"},"thumbnailUrl":"https:\/\/mr-mass.com\/wp-content\/uploads\/2026\/01\/premimum.webp-694fc9d9efb1e-e1769004361639.webp","datePublished":"2026-01-21T14:05:25+00:00","dateModified":"2026-01-21T14:06:28+00:00","description":"Premium Beef Protein : 25,8 g de prot\u00e9ine pure pour muscle et r\u00e9cup\u00e9ration, sans gras, sucre ni glucides.","breadcrumb":{"@id":"https:\/\/mr-mass.com\/?product=beef-protein-2kg-yava-labs#breadcrumb"},"inLanguage":"fr-FR","potentialAction":[{"@type":"ReadAction","target":["https:\/\/mr-mass.com\/?product=beef-protein-2kg-yava-labs"]}]},{"@type":"ImageObject","inLanguage":"fr-FR","@id":"https:\/\/mr-mass.com\/?product=beef-protein-2kg-yava-labs#primaryimage","url":"https:\/\/mr-mass.com\/wp-content\/uploads\/2026\/01\/premimum.webp-694fc9d9efb1e-e1769004361639.webp","contentUrl":"https:\/\/mr-mass.com\/wp-content\/uploads\/2026\/01\/premimum.webp-694fc9d9efb1e-e1769004361639.webp","width":500,"height":500},{"@type":"BreadcrumbList","@id":"https:\/\/mr-mass.com\/?product=beef-protein-2kg-yava-labs#breadcrumb","itemListElement":[{"@type":"ListItem","position":1,"name":"Home","item":"https:\/\/mr-mass.com\/"},{"@type":"ListItem","position":2,"name":"Boutique","item":"https:\/\/mr-mass.com\/?page_id=8"},{"@type":"ListItem","position":3,"name":"BEEF PROTEIN 2KG YAVA LABS"}]},{"@type":"WebSite","@id":"https:\/\/mr-mass.com\/#website","url":"https:\/\/mr-mass.com\/","name":"MR MASS","description":"","publisher":{"@id":"https:\/\/mr-mass.com\/#organization"},"potentialAction":[{"@type":"SearchAction","target":{"@type":"EntryPoint","urlTemplate":"https:\/\/mr-mass.com\/?s={search_term_string}"},"query-input":{"@type":"PropertyValueSpecification","valueRequired":true,"valueName":"search_term_string"}}],"inLanguage":"fr-FR"},{"@type":"Organization","@id":"https:\/\/mr-mass.com\/#organization","name":"MR MASS","url":"https:\/\/mr-mass.com\/","logo":{"@type":"ImageObject","inLanguage":"fr-FR","@id":"https:\/\/mr-mass.com\/#\/schema\/logo\/image\/","url":"https:\/\/mr-mass.com\/wp-content\/uploads\/2025\/06\/cropped-417524477_413976367821865_6357673664813295189_n-removebg-preview.png","contentUrl":"https:\/\/mr-mass.com\/wp-content\/uploads\/2025\/06\/cropped-417524477_413976367821865_6357673664813295189_n-removebg-preview.png","width":500,"height":436,"caption":"MR MASS"},"image":{"@id":"https:\/\/mr-mass.com\/#\/schema\/logo\/image\/"}}]}},"jetpack_sharing_enabled":true,"_links":{"self":[{"href":"https:\/\/mr-mass.com\/index.php?rest_route=\/wp\/v2\/product\/7155","targetHints":{"allow":["GET"]}}],"collection":[{"href":"https:\/\/mr-mass.com\/index.php?rest_route=\/wp\/v2\/product"}],"about":[{"href":"https:\/\/mr-mass.com\/index.php?rest_route=\/wp\/v2\/types\/product"}],"replies":[{"embeddable":true,"href":"https:\/\/mr-mass.com\/index.php?rest_route=%2Fwp%2Fv2%2Fcomments&post=7155"}],"wp:featuredmedia":[{"embeddable":true,"href":"https:\/\/mr-mass.com\/index.php?rest_route=\/wp\/v2\/media\/7156"}],"wp:attachment":[{"href":"https:\/\/mr-mass.com\/index.php?rest_route=%2Fwp%2Fv2%2Fmedia&parent=7155"}],"wp:term":[{"taxonomy":"product_cat","embeddable":true,"href":"https:\/\/mr-mass.com\/index.php?rest_route=%2Fwp%2Fv2%2Fproduct_cat&post=7155"},{"taxonomy":"product_tag","embeddable":true,"href":"https:\/\/mr-mass.com\/index.php?rest_route=%2Fwp%2Fv2%2Fproduct_tag&post=7155"}],"curies":[{"name":"wp","href":"https:\/\/api.w.org\/{rel}","templated":true}]}}