{"id":7161,"date":"2026-02-02T14:11:28","date_gmt":"2026-02-02T13:11:28","guid":{"rendered":"https:\/\/mr-mass.com\/?post_type=product&#038;p=7161"},"modified":"2026-02-02T14:11:28","modified_gmt":"2026-02-02T13:11:28","slug":"glutamine-yava-labs-300gr","status":"publish","type":"product","link":"https:\/\/mr-mass.com\/?product=glutamine-yava-labs-300gr","title":{"rendered":"GLUTAMINE YAVA LABS &#8211; 300GR"},"content":{"rendered":"<p><strong data-start=\"219\" data-end=\"290\">Yava Labs GLUTAMINE \u2013 R\u00e9cup\u00e9ration Musculaire et Immunit\u00e9 Renforc\u00e9e<\/strong><\/p>\n<p data-start=\"292\" data-end=\"698\"><strong data-start=\"295\" data-end=\"324\">Formule Pure &amp; Efficace :<\/strong><br data-start=\"324\" data-end=\"327\" \/>Yava Labs GLUTAMINE est une formule de\u00a0<strong data-start=\"366\" data-end=\"391\">L-Glutamine 100% pure<\/strong>, con\u00e7ue pour soutenir vos muscles apr\u00e8s l&rsquo;entra\u00eenement, renforcer votre syst\u00e8me immunitaire et maintenir un bon fonctionnement intestinal . Chaque portion de\u00a0<strong data-start=\"556\" data-end=\"563\">10g<\/strong>\u00a0contribue \u00e0 une meilleure r\u00e9cup\u00e9ration, id\u00e9ale pour les sportifs exigeants et les pratiquants r\u00e9guliers de musculation ou d\u2019endurance.<\/p>\n<p data-start=\"700\" data-end=\"924\"><strong data-start=\"703\" data-end=\"723\">-B\u00e9n\u00e9fices Cl\u00e9s :<\/strong><br data-start=\"723\" data-end=\"726\" \/>\u2705 R\u00e9cup\u00e9ration musculaire acc\u00e9l\u00e9r\u00e9e apr\u00e8s l&rsquo;effort<br data-start=\"776\" data-end=\"779\" \/>\u2705 Soutien du syst\u00e8me immunitaire<br data-start=\"811\" data-end=\"814\" \/>\u2705 Favorise la sant\u00e9 digestive<br data-start=\"843\" data-end=\"846\" \/>\u2705 Aide \u00e0 pr\u00e9server la masse musculaire en p\u00e9riode de stress physique intense<\/p>\n<p data-start=\"926\" data-end=\"1087\"><strong data-start=\"929\" data-end=\"952\">Format \u00e9conomique :<\/strong><br data-start=\"952\" data-end=\"955\" \/>Avec un pot de\u00a0<strong data-start=\"970\" data-end=\"978\">300g<\/strong>, profitez de\u00a0<strong data-start=\"992\" data-end=\"1007\">30 portions<\/strong>\u00a0efficaces pour vous accompagner tout au long de votre programme d&rsquo;entra\u00eenement.<\/p>\n<p data-start=\"1089\" data-end=\"1295\"><strong data-start=\"1092\" data-end=\"1111\">Mode d\u2019emploi :<\/strong><br data-start=\"1111\" data-end=\"1114\" \/>\u00a0M\u00e9langez\u00a0<strong data-start=\"1126\" data-end=\"1142\">1 dose (10g)<\/strong>\u00a0dans\u00a0<strong data-start=\"1148\" data-end=\"1163\">200ml d\u2019eau<\/strong>.<br data-start=\"1164\" data-end=\"1167\" \/>\u00c0 consommer\u00a0<strong data-start=\"1179\" data-end=\"1196\">imm\u00e9diatement<\/strong>\u00a0apr\u00e8s pr\u00e9paration.<br data-start=\"1215\" data-end=\"1218\" \/>Peut \u00eatre pris\u00a0<strong data-start=\"1233\" data-end=\"1275\">avant, pendant ou apr\u00e8s l&rsquo;entra\u00eenement<\/strong>, selon vos besoins.<\/p>\n<p data-start=\"1297\" data-end=\"1581\"><strong data-start=\"1300\" data-end=\"1325\">Pr\u00e9cautions d\u2019usage :<\/strong><br data-start=\"1325\" data-end=\"1328\" \/>\u00a0Ne pas utiliser en cas d\u2019allergie \u00e0 l\u2019un des composants.<br data-start=\"1387\" data-end=\"1390\" \/>\u00a0Consultez un professionnel de sant\u00e9 avant usage si vous \u00eates enceinte ou allaitante.<br data-start=\"1477\" data-end=\"1480\" \/>\u00a0Ce produit est un compl\u00e9ment alimentaire et ne remplace pas une alimentation vari\u00e9e et \u00e9quilibr\u00e9e.<\/p>\n<p>&nbsp;<\/p>\n<p data-start=\"1583\" data-end=\"1934\"><strong data-start=\"1587\" data-end=\"1605\">Conservation :<\/strong><br data-start=\"1605\" data-end=\"1608\" \/>\u00a0Gardez le produit dans son emballage d\u2019origine, ferm\u00e9 herm\u00e9tiquement.<br data-start=\"1680\" data-end=\"1683\" \/>\u00a0Conservez dans un endroit frais (&lt;25\u00b0C), sec et \u00e0 l\u2019abri de la lumi\u00e8re.<br data-start=\"1758\" data-end=\"1761\" \/>\u00a0Tenir hors de port\u00e9e des enfants.<br data-start=\"1797\" data-end=\"1800\" \/>\u00a0La date de p\u00e9remption et le num\u00e9ro de lot sont indiqu\u00e9s au bas de l\u2019emballage. Le contenu est vendu\u00a0<strong data-start=\"1903\" data-end=\"1915\">au poids<\/strong>, et non au volume.<\/p>\n","protected":false},"excerpt":{"rendered":"<p>Yava Labs Glutamine \u2013 60 SERVINGS 10g par portion, soutient r\u00e9cup\u00e9ration musculaire, masse maigre, immunit\u00e9 et sant\u00e9 digestive apr\u00e8s l\u2019entra\u00eenement.<\/p>\n","protected":false},"featured_media":7162,"comment_status":"open","ping_status":"closed","template":"","meta":[],"product_cat":[78],"product_tag":[],"class_list":{"0":"post-7161","1":"product","2":"type-product","3":"status-publish","4":"has-post-thumbnail","6":"product_brand-yava-labs","7":"product_cat-acide-amine","9":"first","10":"instock","11":"shipping-taxable","12":"purchasable","13":"product-type-simple"},"yoast_head":"<!-- This site is optimized with the Yoast SEO plugin v25.2 - https:\/\/yoast.com\/wordpress\/plugins\/seo\/ -->\n<title>GLUTAMINE YAVA LABS - 300GR - MR MASS<\/title>\n<meta name=\"description\" content=\"Yava Labs Glutamine \u2013 60 SERVINGS 10g par portion, soutient r\u00e9cup\u00e9ration musculaire, masse maigre, immunit\u00e9 et sant\u00e9 digestive apr\u00e8s l\u2019entra\u00eenement.\" \/>\n<meta name=\"robots\" content=\"index, follow, max-snippet:-1, max-image-preview:large, max-video-preview:-1\" \/>\n<link rel=\"canonical\" href=\"https:\/\/mr-mass.com\/?product=glutamine-yava-labs-300gr\" \/>\n<meta property=\"og:locale\" content=\"fr_FR\" \/>\n<meta property=\"og:type\" content=\"article\" \/>\n<meta property=\"og:title\" content=\"GLUTAMINE YAVA LABS - 300GR - MR MASS\" \/>\n<meta property=\"og:description\" content=\"Yava Labs Glutamine \u2013 60 SERVINGS 10g par portion, soutient r\u00e9cup\u00e9ration musculaire, masse maigre, immunit\u00e9 et sant\u00e9 digestive apr\u00e8s l\u2019entra\u00eenement.\" \/>\n<meta property=\"og:url\" content=\"https:\/\/mr-mass.com\/?product=glutamine-yava-labs-300gr\" \/>\n<meta property=\"og:site_name\" content=\"MR MASS\" \/>\n<meta property=\"og:image\" content=\"https:\/\/mr-mass.com\/wp-content\/uploads\/2026\/02\/yava_glutamine_300g_01.webp-687cc4c925878-e1770037862722.webp\" \/>\n\t<meta property=\"og:image:width\" content=\"500\" \/>\n\t<meta property=\"og:image:height\" content=\"500\" \/>\n\t<meta property=\"og:image:type\" content=\"image\/webp\" \/>\n<meta name=\"twitter:card\" content=\"summary_large_image\" \/>\n<meta name=\"twitter:label1\" content=\"Dur\u00e9e de lecture estim\u00e9e\" \/>\n\t<meta name=\"twitter:data1\" content=\"2 minutes\" \/>\n<script type=\"application\/ld+json\" class=\"yoast-schema-graph\">{\"@context\":\"https:\/\/schema.org\",\"@graph\":[{\"@type\":\"WebPage\",\"@id\":\"https:\/\/mr-mass.com\/?product=glutamine-yava-labs-300gr\",\"url\":\"https:\/\/mr-mass.com\/?product=glutamine-yava-labs-300gr\",\"name\":\"GLUTAMINE YAVA LABS - 300GR - MR MASS\",\"isPartOf\":{\"@id\":\"https:\/\/mr-mass.com\/#website\"},\"primaryImageOfPage\":{\"@id\":\"https:\/\/mr-mass.com\/?product=glutamine-yava-labs-300gr#primaryimage\"},\"image\":{\"@id\":\"https:\/\/mr-mass.com\/?product=glutamine-yava-labs-300gr#primaryimage\"},\"thumbnailUrl\":\"https:\/\/mr-mass.com\/wp-content\/uploads\/2026\/02\/yava_glutamine_300g_01.webp-687cc4c925878-e1770037862722.webp\",\"datePublished\":\"2026-02-02T13:11:28+00:00\",\"description\":\"Yava Labs Glutamine \u2013 60 SERVINGS 10g par portion, soutient r\u00e9cup\u00e9ration musculaire, masse maigre, immunit\u00e9 et sant\u00e9 digestive apr\u00e8s l\u2019entra\u00eenement.\",\"breadcrumb\":{\"@id\":\"https:\/\/mr-mass.com\/?product=glutamine-yava-labs-300gr#breadcrumb\"},\"inLanguage\":\"fr-FR\",\"potentialAction\":[{\"@type\":\"ReadAction\",\"target\":[\"https:\/\/mr-mass.com\/?product=glutamine-yava-labs-300gr\"]}]},{\"@type\":\"ImageObject\",\"inLanguage\":\"fr-FR\",\"@id\":\"https:\/\/mr-mass.com\/?product=glutamine-yava-labs-300gr#primaryimage\",\"url\":\"https:\/\/mr-mass.com\/wp-content\/uploads\/2026\/02\/yava_glutamine_300g_01.webp-687cc4c925878-e1770037862722.webp\",\"contentUrl\":\"https:\/\/mr-mass.com\/wp-content\/uploads\/2026\/02\/yava_glutamine_300g_01.webp-687cc4c925878-e1770037862722.webp\",\"width\":500,\"height\":500},{\"@type\":\"BreadcrumbList\",\"@id\":\"https:\/\/mr-mass.com\/?product=glutamine-yava-labs-300gr#breadcrumb\",\"itemListElement\":[{\"@type\":\"ListItem\",\"position\":1,\"name\":\"Home\",\"item\":\"https:\/\/mr-mass.com\/\"},{\"@type\":\"ListItem\",\"position\":2,\"name\":\"Boutique\",\"item\":\"https:\/\/mr-mass.com\/?page_id=8\"},{\"@type\":\"ListItem\",\"position\":3,\"name\":\"GLUTAMINE YAVA LABS &#8211; 300GR\"}]},{\"@type\":\"WebSite\",\"@id\":\"https:\/\/mr-mass.com\/#website\",\"url\":\"https:\/\/mr-mass.com\/\",\"name\":\"MR MASS\",\"description\":\"\",\"publisher\":{\"@id\":\"https:\/\/mr-mass.com\/#organization\"},\"potentialAction\":[{\"@type\":\"SearchAction\",\"target\":{\"@type\":\"EntryPoint\",\"urlTemplate\":\"https:\/\/mr-mass.com\/?s={search_term_string}\"},\"query-input\":{\"@type\":\"PropertyValueSpecification\",\"valueRequired\":true,\"valueName\":\"search_term_string\"}}],\"inLanguage\":\"fr-FR\"},{\"@type\":\"Organization\",\"@id\":\"https:\/\/mr-mass.com\/#organization\",\"name\":\"MR MASS\",\"url\":\"https:\/\/mr-mass.com\/\",\"logo\":{\"@type\":\"ImageObject\",\"inLanguage\":\"fr-FR\",\"@id\":\"https:\/\/mr-mass.com\/#\/schema\/logo\/image\/\",\"url\":\"https:\/\/mr-mass.com\/wp-content\/uploads\/2025\/06\/cropped-417524477_413976367821865_6357673664813295189_n-removebg-preview.png\",\"contentUrl\":\"https:\/\/mr-mass.com\/wp-content\/uploads\/2025\/06\/cropped-417524477_413976367821865_6357673664813295189_n-removebg-preview.png\",\"width\":500,\"height\":436,\"caption\":\"MR MASS\"},\"image\":{\"@id\":\"https:\/\/mr-mass.com\/#\/schema\/logo\/image\/\"}}]}<\/script>\n<!-- \/ Yoast SEO plugin. -->","yoast_head_json":{"title":"GLUTAMINE YAVA LABS - 300GR - MR MASS","description":"Yava Labs Glutamine \u2013 60 SERVINGS 10g par portion, soutient r\u00e9cup\u00e9ration musculaire, masse maigre, immunit\u00e9 et sant\u00e9 digestive apr\u00e8s l\u2019entra\u00eenement.","robots":{"index":"index","follow":"follow","max-snippet":"max-snippet:-1","max-image-preview":"max-image-preview:large","max-video-preview":"max-video-preview:-1"},"canonical":"https:\/\/mr-mass.com\/?product=glutamine-yava-labs-300gr","og_locale":"fr_FR","og_type":"article","og_title":"GLUTAMINE YAVA LABS - 300GR - MR MASS","og_description":"Yava Labs Glutamine \u2013 60 SERVINGS 10g par portion, soutient r\u00e9cup\u00e9ration musculaire, masse maigre, immunit\u00e9 et sant\u00e9 digestive apr\u00e8s l\u2019entra\u00eenement.","og_url":"https:\/\/mr-mass.com\/?product=glutamine-yava-labs-300gr","og_site_name":"MR MASS","og_image":[{"width":500,"height":500,"url":"https:\/\/mr-mass.com\/wp-content\/uploads\/2026\/02\/yava_glutamine_300g_01.webp-687cc4c925878-e1770037862722.webp","type":"image\/webp"}],"twitter_card":"summary_large_image","twitter_misc":{"Dur\u00e9e de lecture estim\u00e9e":"2 minutes"},"schema":{"@context":"https:\/\/schema.org","@graph":[{"@type":"WebPage","@id":"https:\/\/mr-mass.com\/?product=glutamine-yava-labs-300gr","url":"https:\/\/mr-mass.com\/?product=glutamine-yava-labs-300gr","name":"GLUTAMINE YAVA LABS - 300GR - MR MASS","isPartOf":{"@id":"https:\/\/mr-mass.com\/#website"},"primaryImageOfPage":{"@id":"https:\/\/mr-mass.com\/?product=glutamine-yava-labs-300gr#primaryimage"},"image":{"@id":"https:\/\/mr-mass.com\/?product=glutamine-yava-labs-300gr#primaryimage"},"thumbnailUrl":"https:\/\/mr-mass.com\/wp-content\/uploads\/2026\/02\/yava_glutamine_300g_01.webp-687cc4c925878-e1770037862722.webp","datePublished":"2026-02-02T13:11:28+00:00","description":"Yava Labs Glutamine \u2013 60 SERVINGS 10g par portion, soutient r\u00e9cup\u00e9ration musculaire, masse maigre, immunit\u00e9 et sant\u00e9 digestive apr\u00e8s l\u2019entra\u00eenement.","breadcrumb":{"@id":"https:\/\/mr-mass.com\/?product=glutamine-yava-labs-300gr#breadcrumb"},"inLanguage":"fr-FR","potentialAction":[{"@type":"ReadAction","target":["https:\/\/mr-mass.com\/?product=glutamine-yava-labs-300gr"]}]},{"@type":"ImageObject","inLanguage":"fr-FR","@id":"https:\/\/mr-mass.com\/?product=glutamine-yava-labs-300gr#primaryimage","url":"https:\/\/mr-mass.com\/wp-content\/uploads\/2026\/02\/yava_glutamine_300g_01.webp-687cc4c925878-e1770037862722.webp","contentUrl":"https:\/\/mr-mass.com\/wp-content\/uploads\/2026\/02\/yava_glutamine_300g_01.webp-687cc4c925878-e1770037862722.webp","width":500,"height":500},{"@type":"BreadcrumbList","@id":"https:\/\/mr-mass.com\/?product=glutamine-yava-labs-300gr#breadcrumb","itemListElement":[{"@type":"ListItem","position":1,"name":"Home","item":"https:\/\/mr-mass.com\/"},{"@type":"ListItem","position":2,"name":"Boutique","item":"https:\/\/mr-mass.com\/?page_id=8"},{"@type":"ListItem","position":3,"name":"GLUTAMINE YAVA LABS &#8211; 300GR"}]},{"@type":"WebSite","@id":"https:\/\/mr-mass.com\/#website","url":"https:\/\/mr-mass.com\/","name":"MR MASS","description":"","publisher":{"@id":"https:\/\/mr-mass.com\/#organization"},"potentialAction":[{"@type":"SearchAction","target":{"@type":"EntryPoint","urlTemplate":"https:\/\/mr-mass.com\/?s={search_term_string}"},"query-input":{"@type":"PropertyValueSpecification","valueRequired":true,"valueName":"search_term_string"}}],"inLanguage":"fr-FR"},{"@type":"Organization","@id":"https:\/\/mr-mass.com\/#organization","name":"MR MASS","url":"https:\/\/mr-mass.com\/","logo":{"@type":"ImageObject","inLanguage":"fr-FR","@id":"https:\/\/mr-mass.com\/#\/schema\/logo\/image\/","url":"https:\/\/mr-mass.com\/wp-content\/uploads\/2025\/06\/cropped-417524477_413976367821865_6357673664813295189_n-removebg-preview.png","contentUrl":"https:\/\/mr-mass.com\/wp-content\/uploads\/2025\/06\/cropped-417524477_413976367821865_6357673664813295189_n-removebg-preview.png","width":500,"height":436,"caption":"MR MASS"},"image":{"@id":"https:\/\/mr-mass.com\/#\/schema\/logo\/image\/"}}]}},"jetpack_sharing_enabled":true,"_links":{"self":[{"href":"https:\/\/mr-mass.com\/index.php?rest_route=\/wp\/v2\/product\/7161","targetHints":{"allow":["GET"]}}],"collection":[{"href":"https:\/\/mr-mass.com\/index.php?rest_route=\/wp\/v2\/product"}],"about":[{"href":"https:\/\/mr-mass.com\/index.php?rest_route=\/wp\/v2\/types\/product"}],"replies":[{"embeddable":true,"href":"https:\/\/mr-mass.com\/index.php?rest_route=%2Fwp%2Fv2%2Fcomments&post=7161"}],"wp:featuredmedia":[{"embeddable":true,"href":"https:\/\/mr-mass.com\/index.php?rest_route=\/wp\/v2\/media\/7162"}],"wp:attachment":[{"href":"https:\/\/mr-mass.com\/index.php?rest_route=%2Fwp%2Fv2%2Fmedia&parent=7161"}],"wp:term":[{"taxonomy":"product_cat","embeddable":true,"href":"https:\/\/mr-mass.com\/index.php?rest_route=%2Fwp%2Fv2%2Fproduct_cat&post=7161"},{"taxonomy":"product_tag","embeddable":true,"href":"https:\/\/mr-mass.com\/index.php?rest_route=%2Fwp%2Fv2%2Fproduct_tag&post=7161"}],"curies":[{"name":"wp","href":"https:\/\/api.w.org\/{rel}","templated":true}]}}