{"id":7174,"date":"2026-03-11T16:21:26","date_gmt":"2026-03-11T15:21:26","guid":{"rendered":"https:\/\/mr-mass.com\/?post_type=product&#038;p=7174"},"modified":"2026-03-11T16:21:26","modified_gmt":"2026-03-11T15:21:26","slug":"carbo-one-1000g-real-pharm","status":"publish","type":"product","link":"https:\/\/mr-mass.com\/?product=carbo-one-1000g-real-pharm","title":{"rendered":"Carbo One \u2013 1000g \u2013 Real Pharm"},"content":{"rendered":"<h2>Conseils d\u2019utilisation :<\/h2>\n<ol>\n<li>M\u00e9langer 1 portion (25 g \u2013 1 mesurette) avec 150 \u00e0 200 ml d\u2019eau.<\/li>\n<li>Consommer jusqu\u2019\u00e0 4 fois par jour.<\/li>\n<li>Ne pas d\u00e9passer la dose quotidienne recommand\u00e9e (100 g \u2013 4 portions).<\/li>\n<li>Convient uniquement aux adultes en bonne sant\u00e9.<\/li>\n<li>D\u00e9conseill\u00e9 aux femmes enceintes et allaitantes.<\/li>\n<\/ol>\n<h3>Ingr\u00e9dients :<\/h3>\n<p>Glucides complexes (maltodextrine, dextrose, amidon de ma\u00efs cireux), citrate de potassium, citrate de magn\u00e9sium,\u00a0carbonate de calcium, sels de magn\u00e9sium d&rsquo;acide citrique,\u00a0r\u00e9gulateur d&rsquo;acidit\u00e9, acide citrique, ar\u00f4me, \u00e9dulcorants, sucralose, extrait de carotte noire (pour les ar\u00f4mes ; extrait de cassis, raisin, betterave rouge (pour les ar\u00f4mes ; cassis, grenadine, past\u00e8que, fraise), colorant pour les ar\u00f4mes.<\/p>\n<h4>Conservation :<\/h4>\n<p>\u00c0 conserver dans un endroit frais, sec et \u00e0 l\u2019abri de la lumi\u00e8re. Tenir hors de port\u00e9e des enfants.<\/p>\n","protected":false},"excerpt":{"rendered":"<h2>Real Pharm Carbo One &#8211; Source de Glucides Premium<\/h2>\n<p><strong>Carbo One de Real Pharm<\/strong>\u00a0est un compl\u00e9ment alimentaire en poudre sp\u00e9cialement con\u00e7u pour les sportifs, qu\u2019ils soient professionnels ou amateurs. Cette formule avanc\u00e9e apporte \u00e0 l\u2019organisme une source rapide et efficace de\u00a0<strong>glucides<\/strong>, id\u00e9ale pour\u00a0<strong>restaurer les r\u00e9serves d\u2019\u00e9nergie<\/strong>\u00a0apr\u00e8s un entra\u00eenement intense et\u00a0<strong>soutenir la prise de masse musculaire<\/strong>.<\/p>\n<p>Gr\u00e2ce \u00e0 son\u00a0<strong>complexe<\/strong>\u00a0de\u00a0<strong>glucides<\/strong>\u00a0diversifi\u00e9s (<strong>maltodextrine, dextrose, fructose, amidon de riz<\/strong>) enrichi en\u00a0<strong>min\u00e9raux<\/strong>\u00a0<strong>essentiels<\/strong>\u00a0(<strong>potassium, magn\u00e9sium, calcium, sodium<\/strong>),\u00a0<strong>Carbo One<\/strong>\u00a0optimise la r\u00e9cup\u00e9ration, am\u00e9liore l\u2019hydratation et soutient la performance sportive.<\/p>\n","protected":false},"featured_media":7175,"comment_status":"open","ping_status":"closed","template":"","meta":[],"product_cat":[59],"product_tag":[],"class_list":{"0":"post-7174","1":"product","2":"type-product","3":"status-publish","4":"has-post-thumbnail","6":"product_brand-real-pharm","7":"product_cat-weight-gainers","9":"first","10":"instock","11":"shipping-taxable","12":"purchasable","13":"product-type-simple"},"yoast_head":"<!-- This site is optimized with the Yoast SEO plugin v25.2 - https:\/\/yoast.com\/wordpress\/plugins\/seo\/ -->\n<title>Carbo One \u2013 1000g \u2013 Real Pharm - MR MASS<\/title>\n<meta name=\"description\" content=\"Real Pharm Carbo One - Source de Glucides PremiumCarbo One de Real Pharm est un compl\u00e9ment alimentaire en poudre sp\u00e9cialement con\u00e7u pour les sportifs, qu\u2019ils soient professionnels ou amateurs. Cette formule avanc\u00e9e apporte \u00e0 l\u2019organisme une source rapide et efficace de glucides, id\u00e9ale pour restaurer les r\u00e9serves d\u2019\u00e9nergie apr\u00e8s un entra\u00eenement intense et soutenir la prise de masse musculaire.Gr\u00e2ce \u00e0 son complexe de glucides diversifi\u00e9s (maltodextrine, dextrose, fructose, amidon de riz) enrichi en min\u00e9raux essentiels (potassium, magn\u00e9sium, calcium, sodium), Carbo One optimise la r\u00e9cup\u00e9ration, am\u00e9liore l\u2019hydratation et soutient la performance sportive.\" \/>\n<meta name=\"robots\" content=\"index, follow, max-snippet:-1, max-image-preview:large, max-video-preview:-1\" \/>\n<link rel=\"canonical\" href=\"https:\/\/mr-mass.com\/?product=carbo-one-1000g-real-pharm\" \/>\n<meta property=\"og:locale\" content=\"fr_FR\" \/>\n<meta property=\"og:type\" content=\"article\" \/>\n<meta property=\"og:title\" content=\"Carbo One \u2013 1000g \u2013 Real Pharm - MR MASS\" \/>\n<meta property=\"og:description\" content=\"Real Pharm Carbo One - Source de Glucides PremiumCarbo One de Real Pharm est un compl\u00e9ment alimentaire en poudre sp\u00e9cialement con\u00e7u pour les sportifs, qu\u2019ils soient professionnels ou amateurs. Cette formule avanc\u00e9e apporte \u00e0 l\u2019organisme une source rapide et efficace de glucides, id\u00e9ale pour restaurer les r\u00e9serves d\u2019\u00e9nergie apr\u00e8s un entra\u00eenement intense et soutenir la prise de masse musculaire.Gr\u00e2ce \u00e0 son complexe de glucides diversifi\u00e9s (maltodextrine, dextrose, fructose, amidon de riz) enrichi en min\u00e9raux essentiels (potassium, magn\u00e9sium, calcium, sodium), Carbo One optimise la r\u00e9cup\u00e9ration, am\u00e9liore l\u2019hydratation et soutient la performance sportive.\" \/>\n<meta property=\"og:url\" content=\"https:\/\/mr-mass.com\/?product=carbo-one-1000g-real-pharm\" \/>\n<meta property=\"og:site_name\" content=\"MR MASS\" \/>\n<meta property=\"og:image\" content=\"https:\/\/mr-mass.com\/wp-content\/uploads\/2026\/03\/Carbo-One-_-1000g-_-Real-Pharm-gymproprotein-73319293_1024x1280_crop_center.webp\" \/>\n\t<meta property=\"og:image:width\" content=\"474\" \/>\n\t<meta property=\"og:image:height\" content=\"474\" \/>\n\t<meta property=\"og:image:type\" content=\"image\/webp\" \/>\n<meta name=\"twitter:card\" content=\"summary_large_image\" \/>\n<meta name=\"twitter:label1\" content=\"Dur\u00e9e de lecture estim\u00e9e\" \/>\n\t<meta name=\"twitter:data1\" content=\"1 minute\" \/>\n<script type=\"application\/ld+json\" class=\"yoast-schema-graph\">{\"@context\":\"https:\/\/schema.org\",\"@graph\":[{\"@type\":\"WebPage\",\"@id\":\"https:\/\/mr-mass.com\/?product=carbo-one-1000g-real-pharm\",\"url\":\"https:\/\/mr-mass.com\/?product=carbo-one-1000g-real-pharm\",\"name\":\"Carbo One \u2013 1000g \u2013 Real Pharm - MR MASS\",\"isPartOf\":{\"@id\":\"https:\/\/mr-mass.com\/#website\"},\"primaryImageOfPage\":{\"@id\":\"https:\/\/mr-mass.com\/?product=carbo-one-1000g-real-pharm#primaryimage\"},\"image\":{\"@id\":\"https:\/\/mr-mass.com\/?product=carbo-one-1000g-real-pharm#primaryimage\"},\"thumbnailUrl\":\"https:\/\/mr-mass.com\/wp-content\/uploads\/2026\/03\/Carbo-One-_-1000g-_-Real-Pharm-gymproprotein-73319293_1024x1280_crop_center.webp\",\"datePublished\":\"2026-03-11T15:21:26+00:00\",\"description\":\"Real Pharm Carbo One - Source de Glucides PremiumCarbo One de Real Pharm est un compl\u00e9ment alimentaire en poudre sp\u00e9cialement con\u00e7u pour les sportifs, qu\u2019ils soient professionnels ou amateurs. Cette formule avanc\u00e9e apporte \u00e0 l\u2019organisme une source rapide et efficace de glucides, id\u00e9ale pour restaurer les r\u00e9serves d\u2019\u00e9nergie apr\u00e8s un entra\u00eenement intense et soutenir la prise de masse musculaire.Gr\u00e2ce \u00e0 son complexe de glucides diversifi\u00e9s (maltodextrine, dextrose, fructose, amidon de riz) enrichi en min\u00e9raux essentiels (potassium, magn\u00e9sium, calcium, sodium), Carbo One optimise la r\u00e9cup\u00e9ration, am\u00e9liore l\u2019hydratation et soutient la performance sportive.\",\"breadcrumb\":{\"@id\":\"https:\/\/mr-mass.com\/?product=carbo-one-1000g-real-pharm#breadcrumb\"},\"inLanguage\":\"fr-FR\",\"potentialAction\":[{\"@type\":\"ReadAction\",\"target\":[\"https:\/\/mr-mass.com\/?product=carbo-one-1000g-real-pharm\"]}]},{\"@type\":\"ImageObject\",\"inLanguage\":\"fr-FR\",\"@id\":\"https:\/\/mr-mass.com\/?product=carbo-one-1000g-real-pharm#primaryimage\",\"url\":\"https:\/\/mr-mass.com\/wp-content\/uploads\/2026\/03\/Carbo-One-_-1000g-_-Real-Pharm-gymproprotein-73319293_1024x1280_crop_center.webp\",\"contentUrl\":\"https:\/\/mr-mass.com\/wp-content\/uploads\/2026\/03\/Carbo-One-_-1000g-_-Real-Pharm-gymproprotein-73319293_1024x1280_crop_center.webp\",\"width\":474,\"height\":474},{\"@type\":\"BreadcrumbList\",\"@id\":\"https:\/\/mr-mass.com\/?product=carbo-one-1000g-real-pharm#breadcrumb\",\"itemListElement\":[{\"@type\":\"ListItem\",\"position\":1,\"name\":\"Home\",\"item\":\"https:\/\/mr-mass.com\/\"},{\"@type\":\"ListItem\",\"position\":2,\"name\":\"Boutique\",\"item\":\"https:\/\/mr-mass.com\/?page_id=8\"},{\"@type\":\"ListItem\",\"position\":3,\"name\":\"Carbo One \u2013 1000g \u2013 Real Pharm\"}]},{\"@type\":\"WebSite\",\"@id\":\"https:\/\/mr-mass.com\/#website\",\"url\":\"https:\/\/mr-mass.com\/\",\"name\":\"MR MASS\",\"description\":\"\",\"publisher\":{\"@id\":\"https:\/\/mr-mass.com\/#organization\"},\"potentialAction\":[{\"@type\":\"SearchAction\",\"target\":{\"@type\":\"EntryPoint\",\"urlTemplate\":\"https:\/\/mr-mass.com\/?s={search_term_string}\"},\"query-input\":{\"@type\":\"PropertyValueSpecification\",\"valueRequired\":true,\"valueName\":\"search_term_string\"}}],\"inLanguage\":\"fr-FR\"},{\"@type\":\"Organization\",\"@id\":\"https:\/\/mr-mass.com\/#organization\",\"name\":\"MR MASS\",\"url\":\"https:\/\/mr-mass.com\/\",\"logo\":{\"@type\":\"ImageObject\",\"inLanguage\":\"fr-FR\",\"@id\":\"https:\/\/mr-mass.com\/#\/schema\/logo\/image\/\",\"url\":\"https:\/\/mr-mass.com\/wp-content\/uploads\/2025\/06\/cropped-417524477_413976367821865_6357673664813295189_n-removebg-preview.png\",\"contentUrl\":\"https:\/\/mr-mass.com\/wp-content\/uploads\/2025\/06\/cropped-417524477_413976367821865_6357673664813295189_n-removebg-preview.png\",\"width\":500,\"height\":436,\"caption\":\"MR MASS\"},\"image\":{\"@id\":\"https:\/\/mr-mass.com\/#\/schema\/logo\/image\/\"}}]}<\/script>\n<!-- \/ Yoast SEO plugin. -->","yoast_head_json":{"title":"Carbo One \u2013 1000g \u2013 Real Pharm - MR MASS","description":"Real Pharm Carbo One - Source de Glucides PremiumCarbo One de Real Pharm est un compl\u00e9ment alimentaire en poudre sp\u00e9cialement con\u00e7u pour les sportifs, qu\u2019ils soient professionnels ou amateurs. Cette formule avanc\u00e9e apporte \u00e0 l\u2019organisme une source rapide et efficace de glucides, id\u00e9ale pour restaurer les r\u00e9serves d\u2019\u00e9nergie apr\u00e8s un entra\u00eenement intense et soutenir la prise de masse musculaire.Gr\u00e2ce \u00e0 son complexe de glucides diversifi\u00e9s (maltodextrine, dextrose, fructose, amidon de riz) enrichi en min\u00e9raux essentiels (potassium, magn\u00e9sium, calcium, sodium), Carbo One optimise la r\u00e9cup\u00e9ration, am\u00e9liore l\u2019hydratation et soutient la performance sportive.","robots":{"index":"index","follow":"follow","max-snippet":"max-snippet:-1","max-image-preview":"max-image-preview:large","max-video-preview":"max-video-preview:-1"},"canonical":"https:\/\/mr-mass.com\/?product=carbo-one-1000g-real-pharm","og_locale":"fr_FR","og_type":"article","og_title":"Carbo One \u2013 1000g \u2013 Real Pharm - MR MASS","og_description":"Real Pharm Carbo One - Source de Glucides PremiumCarbo One de Real Pharm est un compl\u00e9ment alimentaire en poudre sp\u00e9cialement con\u00e7u pour les sportifs, qu\u2019ils soient professionnels ou amateurs. Cette formule avanc\u00e9e apporte \u00e0 l\u2019organisme une source rapide et efficace de glucides, id\u00e9ale pour restaurer les r\u00e9serves d\u2019\u00e9nergie apr\u00e8s un entra\u00eenement intense et soutenir la prise de masse musculaire.Gr\u00e2ce \u00e0 son complexe de glucides diversifi\u00e9s (maltodextrine, dextrose, fructose, amidon de riz) enrichi en min\u00e9raux essentiels (potassium, magn\u00e9sium, calcium, sodium), Carbo One optimise la r\u00e9cup\u00e9ration, am\u00e9liore l\u2019hydratation et soutient la performance sportive.","og_url":"https:\/\/mr-mass.com\/?product=carbo-one-1000g-real-pharm","og_site_name":"MR MASS","og_image":[{"width":474,"height":474,"url":"https:\/\/mr-mass.com\/wp-content\/uploads\/2026\/03\/Carbo-One-_-1000g-_-Real-Pharm-gymproprotein-73319293_1024x1280_crop_center.webp","type":"image\/webp"}],"twitter_card":"summary_large_image","twitter_misc":{"Dur\u00e9e de lecture estim\u00e9e":"1 minute"},"schema":{"@context":"https:\/\/schema.org","@graph":[{"@type":"WebPage","@id":"https:\/\/mr-mass.com\/?product=carbo-one-1000g-real-pharm","url":"https:\/\/mr-mass.com\/?product=carbo-one-1000g-real-pharm","name":"Carbo One \u2013 1000g \u2013 Real Pharm - MR MASS","isPartOf":{"@id":"https:\/\/mr-mass.com\/#website"},"primaryImageOfPage":{"@id":"https:\/\/mr-mass.com\/?product=carbo-one-1000g-real-pharm#primaryimage"},"image":{"@id":"https:\/\/mr-mass.com\/?product=carbo-one-1000g-real-pharm#primaryimage"},"thumbnailUrl":"https:\/\/mr-mass.com\/wp-content\/uploads\/2026\/03\/Carbo-One-_-1000g-_-Real-Pharm-gymproprotein-73319293_1024x1280_crop_center.webp","datePublished":"2026-03-11T15:21:26+00:00","description":"Real Pharm Carbo One - Source de Glucides PremiumCarbo One de Real Pharm est un compl\u00e9ment alimentaire en poudre sp\u00e9cialement con\u00e7u pour les sportifs, qu\u2019ils soient professionnels ou amateurs. Cette formule avanc\u00e9e apporte \u00e0 l\u2019organisme une source rapide et efficace de glucides, id\u00e9ale pour restaurer les r\u00e9serves d\u2019\u00e9nergie apr\u00e8s un entra\u00eenement intense et soutenir la prise de masse musculaire.Gr\u00e2ce \u00e0 son complexe de glucides diversifi\u00e9s (maltodextrine, dextrose, fructose, amidon de riz) enrichi en min\u00e9raux essentiels (potassium, magn\u00e9sium, calcium, sodium), Carbo One optimise la r\u00e9cup\u00e9ration, am\u00e9liore l\u2019hydratation et soutient la performance sportive.","breadcrumb":{"@id":"https:\/\/mr-mass.com\/?product=carbo-one-1000g-real-pharm#breadcrumb"},"inLanguage":"fr-FR","potentialAction":[{"@type":"ReadAction","target":["https:\/\/mr-mass.com\/?product=carbo-one-1000g-real-pharm"]}]},{"@type":"ImageObject","inLanguage":"fr-FR","@id":"https:\/\/mr-mass.com\/?product=carbo-one-1000g-real-pharm#primaryimage","url":"https:\/\/mr-mass.com\/wp-content\/uploads\/2026\/03\/Carbo-One-_-1000g-_-Real-Pharm-gymproprotein-73319293_1024x1280_crop_center.webp","contentUrl":"https:\/\/mr-mass.com\/wp-content\/uploads\/2026\/03\/Carbo-One-_-1000g-_-Real-Pharm-gymproprotein-73319293_1024x1280_crop_center.webp","width":474,"height":474},{"@type":"BreadcrumbList","@id":"https:\/\/mr-mass.com\/?product=carbo-one-1000g-real-pharm#breadcrumb","itemListElement":[{"@type":"ListItem","position":1,"name":"Home","item":"https:\/\/mr-mass.com\/"},{"@type":"ListItem","position":2,"name":"Boutique","item":"https:\/\/mr-mass.com\/?page_id=8"},{"@type":"ListItem","position":3,"name":"Carbo One \u2013 1000g \u2013 Real Pharm"}]},{"@type":"WebSite","@id":"https:\/\/mr-mass.com\/#website","url":"https:\/\/mr-mass.com\/","name":"MR MASS","description":"","publisher":{"@id":"https:\/\/mr-mass.com\/#organization"},"potentialAction":[{"@type":"SearchAction","target":{"@type":"EntryPoint","urlTemplate":"https:\/\/mr-mass.com\/?s={search_term_string}"},"query-input":{"@type":"PropertyValueSpecification","valueRequired":true,"valueName":"search_term_string"}}],"inLanguage":"fr-FR"},{"@type":"Organization","@id":"https:\/\/mr-mass.com\/#organization","name":"MR MASS","url":"https:\/\/mr-mass.com\/","logo":{"@type":"ImageObject","inLanguage":"fr-FR","@id":"https:\/\/mr-mass.com\/#\/schema\/logo\/image\/","url":"https:\/\/mr-mass.com\/wp-content\/uploads\/2025\/06\/cropped-417524477_413976367821865_6357673664813295189_n-removebg-preview.png","contentUrl":"https:\/\/mr-mass.com\/wp-content\/uploads\/2025\/06\/cropped-417524477_413976367821865_6357673664813295189_n-removebg-preview.png","width":500,"height":436,"caption":"MR MASS"},"image":{"@id":"https:\/\/mr-mass.com\/#\/schema\/logo\/image\/"}}]}},"jetpack_sharing_enabled":true,"_links":{"self":[{"href":"https:\/\/mr-mass.com\/index.php?rest_route=\/wp\/v2\/product\/7174","targetHints":{"allow":["GET"]}}],"collection":[{"href":"https:\/\/mr-mass.com\/index.php?rest_route=\/wp\/v2\/product"}],"about":[{"href":"https:\/\/mr-mass.com\/index.php?rest_route=\/wp\/v2\/types\/product"}],"replies":[{"embeddable":true,"href":"https:\/\/mr-mass.com\/index.php?rest_route=%2Fwp%2Fv2%2Fcomments&post=7174"}],"wp:featuredmedia":[{"embeddable":true,"href":"https:\/\/mr-mass.com\/index.php?rest_route=\/wp\/v2\/media\/7175"}],"wp:attachment":[{"href":"https:\/\/mr-mass.com\/index.php?rest_route=%2Fwp%2Fv2%2Fmedia&parent=7174"}],"wp:term":[{"taxonomy":"product_cat","embeddable":true,"href":"https:\/\/mr-mass.com\/index.php?rest_route=%2Fwp%2Fv2%2Fproduct_cat&post=7174"},{"taxonomy":"product_tag","embeddable":true,"href":"https:\/\/mr-mass.com\/index.php?rest_route=%2Fwp%2Fv2%2Fproduct_tag&post=7174"}],"curies":[{"name":"wp","href":"https:\/\/api.w.org\/{rel}","templated":true}]}}