{"id":7179,"date":"2026-03-11T16:33:08","date_gmt":"2026-03-11T15:33:08","guid":{"rendered":"https:\/\/mr-mass.com\/?post_type=product&#038;p=7179"},"modified":"2026-03-11T16:33:08","modified_gmt":"2026-03-11T15:33:08","slug":"citrulline-lemon-200gr","status":"publish","type":"product","link":"https:\/\/mr-mass.com\/?product=citrulline-lemon-200gr","title":{"rendered":"CITRULLINE LEMON 200GR"},"content":{"rendered":"<p><span style=\"color: #000000;\"><b>Avantages cl\u00e9s :<\/b>\u00a0Am\u00e9lioration de la circulation sanguine &#8211; Optimisation de l&rsquo;oxyg\u00e9nation musculaire &#8211; Fourniture accrue de nutriments aux muscles et tissus provenant des aliments &#8211; Augmentation de la production d&rsquo;ATP &#8211; \u00c9l\u00e9vation des niveaux d&rsquo;oxyde nitrique &#8211; Obtention d&rsquo;un effet de pompage musculaire satisfaisant.\u00a0<\/span><\/p>\n<p>Un acide amin\u00e9 essentiel pour favoriser la sant\u00e9 et la forme physique optimale de chaque athl\u00e8te ! Une circulation sanguine am\u00e9lior\u00e9e, permettant une meilleure nutrition et oxyg\u00e9nation musculaire, vous aidera \u00e0 atteindre vos objectifs d&rsquo;entra\u00eenement en augmentant l&rsquo;intensit\u00e9 et la dur\u00e9e de vos sessions.<\/p>\n<p><b>Information suppl\u00e9mentaire :<\/b> Quantit\u00e9 par portion (3g) : Malate de citrulline 2,66 g<\/p>\n<p><b>Ingr\u00e9dients :<\/b> Malate de citrulline, acide citrique, ar\u00f4mes, \u00e9dulcorants (sucralose, ac\u00e9sulfame K), anti-agglom\u00e9rant (dioxyde de silicium), acidifiant (phosphate de calcium), colorants (pour le go\u00fbt citron-orange : b\u00eata-carot\u00e8ne, ar\u00f4mes exotiques : jus de betterave concentr\u00e9 et b\u00eata-carot\u00e8ne, pour le go\u00fbt framboise-fraise : concentr\u00e9 de jus de betterave, pour la saveur indigotine des baies).<\/p>\n<ol>\n<li><\/li>\n<\/ol>\n","protected":false},"excerpt":{"rendered":"<p>Recherchez-vous une solution visant \u00e0 am\u00e9liorer la circulation sanguine dans vos organes et tissus tout en optimisant l&rsquo;efficacit\u00e9 de chaque s\u00e9ance d&rsquo;entra\u00eenement pour une remise en forme parfaite? La Citrulline de Real Pharm peut vous aider \u00e0 renforcer vos fonctions corporelles et \u00e0 garantir une oxyg\u00e9nation optimale de vos muscles pendant vos sessions d&rsquo;entra\u00eenement .<\/p>\n","protected":false},"featured_media":7180,"comment_status":"open","ping_status":"closed","template":"","meta":[],"product_cat":[38,67],"product_tag":[],"class_list":{"0":"post-7179","1":"product","2":"type-product","3":"status-publish","4":"has-post-thumbnail","6":"product_brand-real-pharm","7":"product_cat-endurance-energy","8":"product_cat-pre-workout","10":"first","11":"instock","12":"shipping-taxable","13":"purchasable","14":"product-type-simple"},"yoast_head":"<!-- This site is optimized with the Yoast SEO plugin v25.2 - https:\/\/yoast.com\/wordpress\/plugins\/seo\/ -->\n<title>CITRULLINE LEMON 200GR - MR MASS<\/title>\n<meta name=\"description\" content=\"Re cherchez-vous une solution visant \u00e0 am\u00e9liorer la circulation sanguine dans vos organes et tissus tout en optimisant l&#039;efficacit\u00e9 de chaque s\u00e9ance d&#039;entra\u00eenement pour une remise en forme parfaite? La Citrulline de Real Pharm peut vous aider \u00e0 renforcer vos fonctions corporelles et \u00e0 garantir une oxyg\u00e9nation optimale de vos muscles pendant vos sessions d&#039;entra\u00eenement .\" \/>\n<meta name=\"robots\" content=\"index, follow, max-snippet:-1, max-image-preview:large, max-video-preview:-1\" \/>\n<link rel=\"canonical\" href=\"https:\/\/mr-mass.com\/?product=citrulline-lemon-200gr\" \/>\n<meta property=\"og:locale\" content=\"fr_FR\" \/>\n<meta property=\"og:type\" content=\"article\" \/>\n<meta property=\"og:title\" content=\"CITRULLINE LEMON 200GR - MR MASS\" \/>\n<meta property=\"og:description\" content=\"Re cherchez-vous une solution visant \u00e0 am\u00e9liorer la circulation sanguine dans vos organes et tissus tout en optimisant l&#039;efficacit\u00e9 de chaque s\u00e9ance d&#039;entra\u00eenement pour une remise en forme parfaite? La Citrulline de Real Pharm peut vous aider \u00e0 renforcer vos fonctions corporelles et \u00e0 garantir une oxyg\u00e9nation optimale de vos muscles pendant vos sessions d&#039;entra\u00eenement .\" \/>\n<meta property=\"og:url\" content=\"https:\/\/mr-mass.com\/?product=citrulline-lemon-200gr\" \/>\n<meta property=\"og:site_name\" content=\"MR MASS\" \/>\n<meta property=\"og:image\" content=\"https:\/\/mr-mass.com\/wp-content\/uploads\/2026\/03\/Capture_prev_ui-3.png-652a7d8cf23ec.png\" \/>\n\t<meta property=\"og:image:width\" content=\"490\" \/>\n\t<meta property=\"og:image:height\" content=\"510\" \/>\n\t<meta property=\"og:image:type\" content=\"image\/png\" \/>\n<meta name=\"twitter:card\" content=\"summary_large_image\" \/>\n<meta name=\"twitter:label1\" content=\"Dur\u00e9e de lecture estim\u00e9e\" \/>\n\t<meta name=\"twitter:data1\" content=\"1 minute\" \/>\n<script type=\"application\/ld+json\" class=\"yoast-schema-graph\">{\"@context\":\"https:\/\/schema.org\",\"@graph\":[{\"@type\":\"WebPage\",\"@id\":\"https:\/\/mr-mass.com\/?product=citrulline-lemon-200gr\",\"url\":\"https:\/\/mr-mass.com\/?product=citrulline-lemon-200gr\",\"name\":\"CITRULLINE LEMON 200GR - MR MASS\",\"isPartOf\":{\"@id\":\"https:\/\/mr-mass.com\/#website\"},\"primaryImageOfPage\":{\"@id\":\"https:\/\/mr-mass.com\/?product=citrulline-lemon-200gr#primaryimage\"},\"image\":{\"@id\":\"https:\/\/mr-mass.com\/?product=citrulline-lemon-200gr#primaryimage\"},\"thumbnailUrl\":\"https:\/\/mr-mass.com\/wp-content\/uploads\/2026\/03\/Capture_prev_ui-3.png-652a7d8cf23ec.png\",\"datePublished\":\"2026-03-11T15:33:08+00:00\",\"description\":\"Re cherchez-vous une solution visant \u00e0 am\u00e9liorer la circulation sanguine dans vos organes et tissus tout en optimisant l'efficacit\u00e9 de chaque s\u00e9ance d'entra\u00eenement pour une remise en forme parfaite? La Citrulline de Real Pharm peut vous aider \u00e0 renforcer vos fonctions corporelles et \u00e0 garantir une oxyg\u00e9nation optimale de vos muscles pendant vos sessions d'entra\u00eenement .\",\"breadcrumb\":{\"@id\":\"https:\/\/mr-mass.com\/?product=citrulline-lemon-200gr#breadcrumb\"},\"inLanguage\":\"fr-FR\",\"potentialAction\":[{\"@type\":\"ReadAction\",\"target\":[\"https:\/\/mr-mass.com\/?product=citrulline-lemon-200gr\"]}]},{\"@type\":\"ImageObject\",\"inLanguage\":\"fr-FR\",\"@id\":\"https:\/\/mr-mass.com\/?product=citrulline-lemon-200gr#primaryimage\",\"url\":\"https:\/\/mr-mass.com\/wp-content\/uploads\/2026\/03\/Capture_prev_ui-3.png-652a7d8cf23ec.png\",\"contentUrl\":\"https:\/\/mr-mass.com\/wp-content\/uploads\/2026\/03\/Capture_prev_ui-3.png-652a7d8cf23ec.png\",\"width\":490,\"height\":510},{\"@type\":\"BreadcrumbList\",\"@id\":\"https:\/\/mr-mass.com\/?product=citrulline-lemon-200gr#breadcrumb\",\"itemListElement\":[{\"@type\":\"ListItem\",\"position\":1,\"name\":\"Home\",\"item\":\"https:\/\/mr-mass.com\/\"},{\"@type\":\"ListItem\",\"position\":2,\"name\":\"Boutique\",\"item\":\"https:\/\/mr-mass.com\/?page_id=8\"},{\"@type\":\"ListItem\",\"position\":3,\"name\":\"CITRULLINE LEMON 200GR\"}]},{\"@type\":\"WebSite\",\"@id\":\"https:\/\/mr-mass.com\/#website\",\"url\":\"https:\/\/mr-mass.com\/\",\"name\":\"MR MASS\",\"description\":\"\",\"publisher\":{\"@id\":\"https:\/\/mr-mass.com\/#organization\"},\"potentialAction\":[{\"@type\":\"SearchAction\",\"target\":{\"@type\":\"EntryPoint\",\"urlTemplate\":\"https:\/\/mr-mass.com\/?s={search_term_string}\"},\"query-input\":{\"@type\":\"PropertyValueSpecification\",\"valueRequired\":true,\"valueName\":\"search_term_string\"}}],\"inLanguage\":\"fr-FR\"},{\"@type\":\"Organization\",\"@id\":\"https:\/\/mr-mass.com\/#organization\",\"name\":\"MR MASS\",\"url\":\"https:\/\/mr-mass.com\/\",\"logo\":{\"@type\":\"ImageObject\",\"inLanguage\":\"fr-FR\",\"@id\":\"https:\/\/mr-mass.com\/#\/schema\/logo\/image\/\",\"url\":\"https:\/\/mr-mass.com\/wp-content\/uploads\/2025\/06\/cropped-417524477_413976367821865_6357673664813295189_n-removebg-preview.png\",\"contentUrl\":\"https:\/\/mr-mass.com\/wp-content\/uploads\/2025\/06\/cropped-417524477_413976367821865_6357673664813295189_n-removebg-preview.png\",\"width\":500,\"height\":436,\"caption\":\"MR MASS\"},\"image\":{\"@id\":\"https:\/\/mr-mass.com\/#\/schema\/logo\/image\/\"}}]}<\/script>\n<!-- \/ Yoast SEO plugin. -->","yoast_head_json":{"title":"CITRULLINE LEMON 200GR - MR MASS","description":"Re cherchez-vous une solution visant \u00e0 am\u00e9liorer la circulation sanguine dans vos organes et tissus tout en optimisant l'efficacit\u00e9 de chaque s\u00e9ance d'entra\u00eenement pour une remise en forme parfaite? La Citrulline de Real Pharm peut vous aider \u00e0 renforcer vos fonctions corporelles et \u00e0 garantir une oxyg\u00e9nation optimale de vos muscles pendant vos sessions d'entra\u00eenement .","robots":{"index":"index","follow":"follow","max-snippet":"max-snippet:-1","max-image-preview":"max-image-preview:large","max-video-preview":"max-video-preview:-1"},"canonical":"https:\/\/mr-mass.com\/?product=citrulline-lemon-200gr","og_locale":"fr_FR","og_type":"article","og_title":"CITRULLINE LEMON 200GR - MR MASS","og_description":"Re cherchez-vous une solution visant \u00e0 am\u00e9liorer la circulation sanguine dans vos organes et tissus tout en optimisant l'efficacit\u00e9 de chaque s\u00e9ance d'entra\u00eenement pour une remise en forme parfaite? La Citrulline de Real Pharm peut vous aider \u00e0 renforcer vos fonctions corporelles et \u00e0 garantir une oxyg\u00e9nation optimale de vos muscles pendant vos sessions d'entra\u00eenement .","og_url":"https:\/\/mr-mass.com\/?product=citrulline-lemon-200gr","og_site_name":"MR MASS","og_image":[{"width":490,"height":510,"url":"https:\/\/mr-mass.com\/wp-content\/uploads\/2026\/03\/Capture_prev_ui-3.png-652a7d8cf23ec.png","type":"image\/png"}],"twitter_card":"summary_large_image","twitter_misc":{"Dur\u00e9e de lecture estim\u00e9e":"1 minute"},"schema":{"@context":"https:\/\/schema.org","@graph":[{"@type":"WebPage","@id":"https:\/\/mr-mass.com\/?product=citrulline-lemon-200gr","url":"https:\/\/mr-mass.com\/?product=citrulline-lemon-200gr","name":"CITRULLINE LEMON 200GR - MR MASS","isPartOf":{"@id":"https:\/\/mr-mass.com\/#website"},"primaryImageOfPage":{"@id":"https:\/\/mr-mass.com\/?product=citrulline-lemon-200gr#primaryimage"},"image":{"@id":"https:\/\/mr-mass.com\/?product=citrulline-lemon-200gr#primaryimage"},"thumbnailUrl":"https:\/\/mr-mass.com\/wp-content\/uploads\/2026\/03\/Capture_prev_ui-3.png-652a7d8cf23ec.png","datePublished":"2026-03-11T15:33:08+00:00","description":"Re cherchez-vous une solution visant \u00e0 am\u00e9liorer la circulation sanguine dans vos organes et tissus tout en optimisant l'efficacit\u00e9 de chaque s\u00e9ance d'entra\u00eenement pour une remise en forme parfaite? La Citrulline de Real Pharm peut vous aider \u00e0 renforcer vos fonctions corporelles et \u00e0 garantir une oxyg\u00e9nation optimale de vos muscles pendant vos sessions d'entra\u00eenement .","breadcrumb":{"@id":"https:\/\/mr-mass.com\/?product=citrulline-lemon-200gr#breadcrumb"},"inLanguage":"fr-FR","potentialAction":[{"@type":"ReadAction","target":["https:\/\/mr-mass.com\/?product=citrulline-lemon-200gr"]}]},{"@type":"ImageObject","inLanguage":"fr-FR","@id":"https:\/\/mr-mass.com\/?product=citrulline-lemon-200gr#primaryimage","url":"https:\/\/mr-mass.com\/wp-content\/uploads\/2026\/03\/Capture_prev_ui-3.png-652a7d8cf23ec.png","contentUrl":"https:\/\/mr-mass.com\/wp-content\/uploads\/2026\/03\/Capture_prev_ui-3.png-652a7d8cf23ec.png","width":490,"height":510},{"@type":"BreadcrumbList","@id":"https:\/\/mr-mass.com\/?product=citrulline-lemon-200gr#breadcrumb","itemListElement":[{"@type":"ListItem","position":1,"name":"Home","item":"https:\/\/mr-mass.com\/"},{"@type":"ListItem","position":2,"name":"Boutique","item":"https:\/\/mr-mass.com\/?page_id=8"},{"@type":"ListItem","position":3,"name":"CITRULLINE LEMON 200GR"}]},{"@type":"WebSite","@id":"https:\/\/mr-mass.com\/#website","url":"https:\/\/mr-mass.com\/","name":"MR MASS","description":"","publisher":{"@id":"https:\/\/mr-mass.com\/#organization"},"potentialAction":[{"@type":"SearchAction","target":{"@type":"EntryPoint","urlTemplate":"https:\/\/mr-mass.com\/?s={search_term_string}"},"query-input":{"@type":"PropertyValueSpecification","valueRequired":true,"valueName":"search_term_string"}}],"inLanguage":"fr-FR"},{"@type":"Organization","@id":"https:\/\/mr-mass.com\/#organization","name":"MR MASS","url":"https:\/\/mr-mass.com\/","logo":{"@type":"ImageObject","inLanguage":"fr-FR","@id":"https:\/\/mr-mass.com\/#\/schema\/logo\/image\/","url":"https:\/\/mr-mass.com\/wp-content\/uploads\/2025\/06\/cropped-417524477_413976367821865_6357673664813295189_n-removebg-preview.png","contentUrl":"https:\/\/mr-mass.com\/wp-content\/uploads\/2025\/06\/cropped-417524477_413976367821865_6357673664813295189_n-removebg-preview.png","width":500,"height":436,"caption":"MR MASS"},"image":{"@id":"https:\/\/mr-mass.com\/#\/schema\/logo\/image\/"}}]}},"jetpack_sharing_enabled":true,"_links":{"self":[{"href":"https:\/\/mr-mass.com\/index.php?rest_route=\/wp\/v2\/product\/7179","targetHints":{"allow":["GET"]}}],"collection":[{"href":"https:\/\/mr-mass.com\/index.php?rest_route=\/wp\/v2\/product"}],"about":[{"href":"https:\/\/mr-mass.com\/index.php?rest_route=\/wp\/v2\/types\/product"}],"replies":[{"embeddable":true,"href":"https:\/\/mr-mass.com\/index.php?rest_route=%2Fwp%2Fv2%2Fcomments&post=7179"}],"wp:featuredmedia":[{"embeddable":true,"href":"https:\/\/mr-mass.com\/index.php?rest_route=\/wp\/v2\/media\/7180"}],"wp:attachment":[{"href":"https:\/\/mr-mass.com\/index.php?rest_route=%2Fwp%2Fv2%2Fmedia&parent=7179"}],"wp:term":[{"taxonomy":"product_cat","embeddable":true,"href":"https:\/\/mr-mass.com\/index.php?rest_route=%2Fwp%2Fv2%2Fproduct_cat&post=7179"},{"taxonomy":"product_tag","embeddable":true,"href":"https:\/\/mr-mass.com\/index.php?rest_route=%2Fwp%2Fv2%2Fproduct_tag&post=7179"}],"curies":[{"name":"wp","href":"https:\/\/api.w.org\/{rel}","templated":true}]}}